{"id":8407,"date":"2024-07-09T15:06:46","date_gmt":"2024-07-09T13:06:46","guid":{"rendered":"https:\/\/fabisdesign-kids.com\/?page_id=8407"},"modified":"2024-12-17T08:41:30","modified_gmt":"2024-12-17T07:41:30","slug":"fabis-gratis-workbook-eltern-meta","status":"publish","type":"page","link":"https:\/\/fabisdesign-kids.com\/de\/fabis-gratis-workbook-eltern-meta\/","title":{"rendered":"FABI&#8217;s Workbook Eltern 2024 Meta"},"content":{"rendered":"<div class=\"wpb-content-wrapper\"><p>[vc_row css=&#8221;.vc_custom_1722938619955{padding-right: 10px !important;padding-left: 10px !important;background-color: #013341 !important;}&#8221;][vc_column width=&#8221;1\/4&#8243; css=&#8221;.vc_custom_1649272856203{border-radius: 20px !important;}&#8221;][\/vc_column][vc_column width=&#8221;1\/2&#8243;][vc_single_image image=&#8221;5763&#8243; img_size=&#8221;large&#8221; alignment=&#8221;center&#8221; css=&#8221;.vc_custom_1722938650671{padding-top: 20px !important;padding-bottom: -10px !important;}&#8221;][\/vc_column][vc_column width=&#8221;1\/4&#8243;][\/vc_column][\/vc_row][vc_row css=&#8221;.vc_custom_1681809119495{padding-right: 10px !important;padding-left: 10px !important;background-color: #ffffff !important;}&#8221;][vc_column width=&#8221;1\/4&#8243;][\/vc_column][vc_column width=&#8221;1\/2&#8243;][vc_column_text css=&#8221;.vc_custom_1734356106048{margin-top: 10px !important;margin-bottom: 30px !important;}&#8221;]<\/p>\n<p style=\"text-align: center;\"><span style=\"font-size: 21px;\">F\u00fcr Eltern von Vorschul- oder Grundschulkindern<\/span><\/p>\n<p>[\/vc_column_text][vc_single_image image=&#8221;9031&#8243; img_size=&#8221;large&#8221; alignment=&#8221;center&#8221;][vc_column_text]<\/p>\n<h3 style=\"text-align: center;\">So wird dein Kind fit f\u00fcr die Schule und \u00fcbt sich spielerisch im Umgang mit Stift und Papier<\/h3>\n<p>[\/vc_column_text][vc_separator color=&#8221;custom&#8221; border_width=&#8221;4&#8243; el_width=&#8221;30&#8243; accent_color=&#8221;#f2e500&#8243; css=&#8221;.vc_custom_1692112859015{padding-top: 10px !important;}&#8221;][vc_column_text css=&#8221;.vc_custom_1734356197472{margin-bottom: 30px !important;}&#8221;]<\/p>\n<p style=\"text-align: center;\"><span style=\"font-size: 21px;\">Schluss mit Frustration und \u00dcbungen die nerven.<\/span><\/p>\n<p style=\"text-align: center;\"><span style=\"font-size: 21px;\">Dein Kind entdeckt seine kreative Seite und greift sofort mit Freude zu den Stiften.<\/span><\/p>\n<p>[\/vc_column_text][\/vc_column][vc_column width=&#8221;1\/4&#8243;][\/vc_column][\/vc_row][vc_row css=&#8221;.vc_custom_1681809119495{padding-right: 10px !important;padding-left: 10px !important;background-color: #ffffff !important;}&#8221;][vc_column width=&#8221;1\/4&#8243;][\/vc_column][vc_column width=&#8221;1\/2&#8243;][vc_column_text css=&#8221;.vc_custom_1725641004712{margin-top: 30px !important;padding-bottom: -30px !important;}&#8221;]<\/p>\n<p style=\"text-align: center;\"><span style=\"color: #4ab9c5;\">Dein digitales Workbook ist 100% kostenlos.<\/span><\/p>\n<p>[\/vc_column_text][vc_raw_html css=&#8221;.vc_custom_1720539268378{padding-left: 50px !important;}&#8221;]JTNDaWZyYW1lJTIwY2xhc3MlM0QlMjJrdHYyJTIyJTIwc3JjJTNEJTIyaHR0cHMlM0ElMkYlMkZhc3NldHMua2xpY2t0aXBwLmNvbSUyRnVzZXJpbWFnZXMlMkY0MTI5MzElMkZmb3JtcyUyRjMwOTg4MCUyRjc3eHB6OW0zMXo4emIzOWMuaHRtbCUyMiUyMHN0eWxlJTNEJTIycG9zaXRpb24lM0FyZWxhdGl2ZSUzQmRpc3BsYXklM0FpbmxpbmUtYmxvY2slM0Jib3JkZXIlM0Fub25lJTNCYmFja2dyb3VuZCUzQXRyYW5zcGFyZW50JTIwbm9uZSUyMG5vLXJlcGVhdCUyMHNjcm9sbCUyMDAlMjAwJTNCbWFyZ2luJTNBMCUzQiUyMiUyMHdpZHRoJTNEJTIyMzExJTIyJTIwaGVpZ2h0JTNEJTIyMTcwJTIyJTIwc2Nyb2xsaW5nJTNEJTIybm8lMjIlM0UlM0MlMkZpZnJhbWUlM0U=[\/vc_raw_html][\/vc_column][vc_column width=&#8221;1\/4&#8243;][\/vc_column][\/vc_row][vc_row css=&#8221;.vc_custom_1681809119495{padding-right: 10px !important;padding-left: 10px !important;background-color: #ffffff !important;}&#8221;][vc_column width=&#8221;1\/4&#8243;][\/vc_column][vc_column width=&#8221;1\/2&#8243;][vc_column_text css=&#8221;.vc_custom_1721827100286{margin-top: -30px !important;padding-bottom: 30px !important;}&#8221;]<\/p>\n<p style=\"text-align: center;\"><span style=\"color: #4ab9c5;\">Nur f\u00fcr kurze Zeit f\u00fcr 0\u20ac verf\u00fcgbar.<\/span><\/p>\n<p>[\/vc_column_text][vc_column_text css=&#8221;.vc_custom_1722938458963{margin-bottom: 30px !important;}&#8221;]<\/p>\n<p style=\"text-align: center;\"><span style=\"font-size: 21px;\">Du erh\u00e4ltst mein kostenloses Workbook direkt per Email.<\/span><\/p>\n<p>[\/vc_column_text][vc_single_image image=&#8221;8414&#8243; img_size=&#8221;large&#8221; alignment=&#8221;center&#8221;][vc_single_image image=&#8221;8428&#8243; img_size=&#8221;full&#8221; alignment=&#8221;center&#8221; css=&#8221;.vc_custom_1721825876130{padding-top: -30px !important;padding-bottom: -30px !important;}&#8221;][\/vc_column][vc_column width=&#8221;1\/4&#8243;][\/vc_column][\/vc_row][vc_row css=&#8221;.vc_custom_1681809119495{padding-right: 10px !important;padding-left: 10px !important;background-color: #ffffff !important;}&#8221;][vc_column width=&#8221;1\/4&#8243;][\/vc_column][vc_column width=&#8221;1\/2&#8243;][vc_column_text css=&#8221;.vc_custom_1725640554418{margin-bottom: 30px !important;}&#8221;]<\/p>\n<p style=\"text-align: left;\"><strong><span style=\"font-size: 21px;\">F\u00fcr alle Mamas und Papas, die ihr Kind mit mehr Leichtigkeit unterst\u00fctzen wollen. Du erf\u00e4hrst:<\/span><\/strong><\/p>\n<p>[\/vc_column_text][vc_column_text css=&#8221;.vc_custom_1692157258839{padding-bottom: 50px !important;}&#8221;]<span style=\"font-weight: 400; font-size: 18px;\">\u2705\u00a0Warum spielerische Leichtigkeit so wichtig ist.<\/span><\/p>\n<p><span style=\"font-weight: 400; font-size: 18px;\">\u2705\u00a0Wie dein Kind in seiner Wohlf\u00fchl-Atmosph\u00e4re lernt.<\/span><\/p>\n<p><span style=\"font-weight: 400; font-size: 18px;\">\u2705\u00a0Wie du Motivation wecken kannst.<\/span>[\/vc_column_text][vc_column_text css=&#8221;.vc_custom_1725640616324{padding-bottom: 30px !important;}&#8221;]<\/p>\n<h4>Sehr bald wird dein Kind:<\/h4>\n<p>[\/vc_column_text][vc_column_text css=&#8221;.vc_custom_1725640654101{margin-bottom: 30px !important;}&#8221;]<\/p>\n<p dir=\"ltr\" role=\"presentation\"><span style=\"font-size: 18px;\"><span style=\"font-weight: 400;\">\ud83d\ude80\u00a0<\/span>seine Freude an Stift und Papier finden<\/span><\/p>\n<p dir=\"ltr\" role=\"presentation\"><span style=\"font-size: 18px;\"><span style=\"font-weight: 400;\">\ud83d\ude80\u00a0<\/span>seine inneren Widerst\u00e4nde vergessen<\/span><\/p>\n<p><span style=\"font-size: 18px;\"><span style=\"font-weight: 400;\">\ud83d\ude80\u00a0<\/span>p\u00e4dagogisch wertvolle Screenzeit entdecken<\/span><\/p>\n<p><span style=\"font-size: 18px;\">\u00a0 \u00a0 \u00a0\u2026und vieles mehr!<\/span>[\/vc_column_text][\/vc_column][vc_column width=&#8221;1\/4&#8243;][\/vc_column][\/vc_row][vc_row css=&#8221;.vc_custom_1681809144004{padding-top: 20px !important;padding-right: 10px !important;padding-bottom: 10px !important;padding-left: 10px !important;background-color: #4ab9c5 !important;}&#8221;][vc_column width=&#8221;1\/4&#8243;][\/vc_column][vc_column width=&#8221;1\/2&#8243; css=&#8221;.vc_custom_1649272856203{border-radius: 20px !important;}&#8221;][vc_column_text]<\/p>\n<h2 style=\"text-align: left;\"><span style=\"color: #ffffff;\">Preisgekr\u00f6nte Abenteuer f\u00fcr Kinder<\/span><\/h2>\n<p>[\/vc_column_text][vc_empty_space height=&#8221;10&#8243;][vc_separator color=&#8221;custom&#8221; align=&#8221;align_left&#8221; border_width=&#8221;4&#8243; el_width=&#8221;30&#8243; accent_color=&#8221;#ffffff&#8221; css=&#8221;.vc_custom_1692094356087{padding-top: -30px !important;}&#8221;][vc_single_image image=&#8221;5289&#8243; img_size=&#8221;large&#8221; alignment=&#8221;center&#8221;][vc_column_text css=&#8221;.vc_custom_1725641348590{padding-bottom: 30px !important;}&#8221;]<\/p>\n<p style=\"text-align: center;\"><span style=\"font-weight: 400; color: #ffffff; font-size: 18px;\">FABI\u2019s Kreativ-Abenteuer wurden im Jahr 2022 zweifach mit dem Comenius EduMedia-Award in Berlin ausgezeichnet.<\/span><\/p>\n<p>[\/vc_column_text][\/vc_column][vc_column width=&#8221;1\/4&#8243;][\/vc_column][\/vc_row][vc_row css=&#8221;.vc_custom_1681809392002{padding-top: 20px !important;padding-right: 10px !important;padding-bottom: 10px !important;padding-left: 10px !important;background-color: #4ab9c5 !important;}&#8221;][vc_column width=&#8221;1\/4&#8243; css=&#8221;.vc_custom_1649272856203{border-radius: 20px !important;}&#8221;][\/vc_column][vc_column width=&#8221;1\/2&#8243;][vc_column_text]<\/p>\n<h2 style=\"text-align: left;\"><span style=\"color: #ffffff;\">Das sagen Eltern \u00fcber FABI&#8217;s Kreativ- Abenteuer:<\/span><\/h2>\n<p>[\/vc_column_text][vc_empty_space height=&#8221;10&#8243;][vc_separator color=&#8221;custom&#8221; align=&#8221;align_left&#8221; border_width=&#8221;4&#8243; el_width=&#8221;30&#8243; accent_color=&#8221;#ffffff&#8221; css=&#8221;.vc_custom_1661854749528{padding-top: -30px !important;}&#8221;][\/vc_column][vc_column width=&#8221;1\/4&#8243;][\/vc_column][\/vc_row][vc_row css=&#8221;.vc_custom_1681809392002{padding-top: 20px !important;padding-right: 10px !important;padding-bottom: 10px !important;padding-left: 10px !important;background-color: #4ab9c5 !important;}&#8221;][vc_column width=&#8221;1\/2&#8243;][vc_single_image image=&#8221;7479&#8243; img_size=&#8221;large&#8221;][vc_single_image image=&#8221;7473&#8243; img_size=&#8221;large&#8221;][\/vc_column][vc_column width=&#8221;1\/2&#8243; css=&#8221;.vc_custom_1649272856203{border-radius: 20px !important;}&#8221;][vc_single_image image=&#8221;7477&#8243; img_size=&#8221;large&#8221;][vc_single_image image=&#8221;7475&#8243; img_size=&#8221;large&#8221;][\/vc_column][\/vc_row][vc_row css=&#8221;.vc_custom_1681809220188{padding-top: 20px !important;padding-right: 10px !important;padding-bottom: 10px !important;padding-left: 10px !important;background-color: #013341 !important;}&#8221;][vc_column width=&#8221;1\/4&#8243; css=&#8221;.vc_custom_1649272856203{border-radius: 20px !important;}&#8221;][\/vc_column][vc_column width=&#8221;1\/2&#8243;][vc_single_image image=&#8221;2103&#8243; img_size=&#8221;large&#8221; alignment=&#8221;center&#8221; css=&#8221;.vc_custom_1661852696112{padding-top: 20px !important;}&#8221;][vc_column_text]<\/p>\n<h2><span style=\"color: #ffffff;\">Hallo ich bin Fabi,<\/span><\/h2>\n<p>[\/vc_column_text][vc_empty_space height=&#8221;10&#8243;][vc_separator color=&#8221;custom&#8221; align=&#8221;align_left&#8221; border_width=&#8221;4&#8243; el_width=&#8221;30&#8243; accent_color=&#8221;#f2e500&#8243; css=&#8221;.vc_custom_1661761919461{padding-top: -30px !important;}&#8221;][\/vc_column][vc_column width=&#8221;1\/4&#8243;][\/vc_column][\/vc_row][vc_row css=&#8221;.vc_custom_1692111088266{padding-top: 30px !important;padding-right: 10px !important;padding-bottom: 30px !important;padding-left: 10px !important;background-color: #ffffff !important;}&#8221;][vc_column width=&#8221;1\/4&#8243; css=&#8221;.vc_custom_1649272856203{border-radius: 20px !important;}&#8221;][\/vc_column][vc_column width=&#8221;1\/2&#8243;][vc_column_text css=&#8221;.vc_custom_1720530769992{padding-bottom: 30px !important;}&#8221;]seit vielen Jahren arbeite ich als professioneller Autodesigner und Kreativcoach.\u00a0Als Vater von drei S\u00f6hnen interessiere mich f\u00fcr die\u00a0<b>Zukunft<\/b>\u00a0und\u00a0<b>Chancen<\/b>\u00a0unserer\u00a0<b>Kinder<\/b>.\u00a0Oft habe ich mich gefragt, wie wir unsere Kinder\u00a0<b>optimal auf ihre Zukunft vorbereiten<\/b>\u00a0k\u00f6nnen.<\/p>\n<p><i>Wir alle wissen, dass es im sp\u00e4teren Berufsleben viele herausfordernde Situationen gibt, die sie nicht allein mit Wissen oder Berechnungen meistern werden k\u00f6nnen. <\/i><\/p>\n<p><i>Dann sind F\u00e4higkeiten wie ein starkes Selbstvertrauen, Flexibilit\u00e4t, Mut, aber vor allem auch Kreativit\u00e4t unerl\u00e4sslich.<\/i><\/p>\n<p>&nbsp;<\/p>\n<p>Ich habe mich dazu entschieden ein au\u00dferschulisches Konzept \u2013 meine\u00a0<b>Kreativ-Abenteuer<\/b>\u00a0\u2013 zu entwickeln, um den Kindern genau die F\u00e4higkeiten zu vermitteln, die leider nicht Teil des Lernplans sind.<\/p>\n<p>Dabei kombiniere ich mein Designwissen, das ich als Autodesigner in Japan, China, den USA, Deutschland und Spanien sammeln durfte, mit Kreativit\u00e4tstechniken und den neuesten Lehrmethoden.<\/p>\n<p>Die\u00a0<b>Kreativ-Abenteuer<\/b>\u00a0sind speziell auf die Bed\u00fcrfnisse der Kinder zugeschnitten, um sie auf spielerische Weise herauszufordern und sie dabei zu unterst\u00fctzen ihre\u00a0<b>Kreativit\u00e4t zu entwickeln und ein Leben lang zu nutzen<\/b>.<\/p>\n<p>Mein Ziel ist es, Kinder zu animieren etwas ohne Anleitungen zu kreieren.\u00a0<i>Sie werden somit aktiv und lassen sich nicht in die Passivit\u00e4t digitaler Medien ziehen. \u00a0<\/i><i>Ich m\u00f6chte deinem Kind zeigen, wie viel Kraft es dank seiner Fantasie hat und was es alles erschaffen kann.<\/i>[\/vc_column_text][vc_single_image image=&#8221;5339&#8243; img_size=&#8221;full&#8221; alignment=&#8221;center&#8221;][\/vc_column][vc_column width=&#8221;1\/4&#8243;][\/vc_column][\/vc_row][vc_row css=&#8221;.vc_custom_1692158386500{padding-top: 20px !important;padding-right: 10px !important;padding-bottom: 20px !important;padding-left: 10px !important;background-color: #ffffff !important;}&#8221;][vc_column width=&#8221;1\/4&#8243; css=&#8221;.vc_custom_1649272856203{border-radius: 20px !important;}&#8221;][\/vc_column][vc_column width=&#8221;1\/2&#8243;][vc_column_text]<\/p>\n<h3 style=\"text-align: center;\">Erfahre jetzt, wie du dein Kind spielerisch f\u00f6rdern kannst und seine Freude am Kreativsein weckst.<\/h3>\n<p>[\/vc_column_text][vc_single_image image=&#8221;5492&#8243; img_size=&#8221;large&#8221; alignment=&#8221;center&#8221; css=&#8221;.vc_custom_1662024403291{padding-top: 20px !important;}&#8221;][vc_raw_html css=&#8221;.vc_custom_1720539268378{padding-left: 50px !important;}&#8221;]JTNDaWZyYW1lJTIwY2xhc3MlM0QlMjJrdHYyJTIyJTIwc3JjJTNEJTIyaHR0cHMlM0ElMkYlMkZhc3NldHMua2xpY2t0aXBwLmNvbSUyRnVzZXJpbWFnZXMlMkY0MTI5MzElMkZmb3JtcyUyRjMwOTg4MCUyRjc3eHB6OW0zMXo4emIzOWMuaHRtbCUyMiUyMHN0eWxlJTNEJTIycG9zaXRpb24lM0FyZWxhdGl2ZSUzQmRpc3BsYXklM0FpbmxpbmUtYmxvY2slM0Jib3JkZXIlM0Fub25lJTNCYmFja2dyb3VuZCUzQXRyYW5zcGFyZW50JTIwbm9uZSUyMG5vLXJlcGVhdCUyMHNjcm9sbCUyMDAlMjAwJTNCbWFyZ2luJTNBMCUzQiUyMiUyMHdpZHRoJTNEJTIyMzExJTIyJTIwaGVpZ2h0JTNEJTIyMTcwJTIyJTIwc2Nyb2xsaW5nJTNEJTIybm8lMjIlM0UlM0MlMkZpZnJhbWUlM0U=[\/vc_raw_html][vc_column_text]Bitte best\u00e4tige anschlie\u00dfend deine Email Adresse, damit ich dir den Link zu deinem Workbook zusenden kann.<\/p>\n<p>Schaue hierzu bitte auch in deinem Spam Ordner nach einer Email von mir:<\/p>\n<p style=\"text-align: center;\">info@fabisdesign-kids.com<\/p>\n<p>[\/vc_column_text][vc_single_image image=&#8221;3175&#8243; img_size=&#8221;large&#8221; alignment=&#8221;center&#8221; css=&#8221;.vc_custom_1661853998853{padding-top: 20px !important;}&#8221;][\/vc_column][vc_column width=&#8221;1\/4&#8243;][\/vc_column][\/vc_row][vc_row css=&#8221;.vc_custom_1725513066417{padding-top: 20px !important;padding-right: 10px !important;padding-bottom: 10px !important;padding-left: 10px !important;background-color: #4ab9c5 !important;}&#8221;][vc_column width=&#8221;1\/4&#8243; css=&#8221;.vc_custom_1649272856203{border-radius: 20px !important;}&#8221;][\/vc_column][vc_column width=&#8221;1\/2&#8243;][vc_column_text]<\/p>\n<h3 style=\"text-align: center;\"><span style=\"color: #ffffff;\">Worauf wartest du noch?<\/span><\/h3>\n<p>[\/vc_column_text][vc_column_text]<\/p>\n<p style=\"text-align: center;\"><span style=\"color: #ffffff;\"><span style=\"caret-color: #ffffff;\">Sichere dir jetzt das 100% kostenlose Workbook!<\/span><\/span><\/p>\n<p>[\/vc_column_text][vc_empty_space height=&#8221;10&#8243;][vc_raw_html css=&#8221;.vc_custom_1720539268378{padding-left: 50px !important;}&#8221;]JTNDaWZyYW1lJTIwY2xhc3MlM0QlMjJrdHYyJTIyJTIwc3JjJTNEJTIyaHR0cHMlM0ElMkYlMkZhc3NldHMua2xpY2t0aXBwLmNvbSUyRnVzZXJpbWFnZXMlMkY0MTI5MzElMkZmb3JtcyUyRjMwOTg4MCUyRjc3eHB6OW0zMXo4emIzOWMuaHRtbCUyMiUyMHN0eWxlJTNEJTIycG9zaXRpb24lM0FyZWxhdGl2ZSUzQmRpc3BsYXklM0FpbmxpbmUtYmxvY2slM0Jib3JkZXIlM0Fub25lJTNCYmFja2dyb3VuZCUzQXRyYW5zcGFyZW50JTIwbm9uZSUyMG5vLXJlcGVhdCUyMHNjcm9sbCUyMDAlMjAwJTNCbWFyZ2luJTNBMCUzQiUyMiUyMHdpZHRoJTNEJTIyMzExJTIyJTIwaGVpZ2h0JTNEJTIyMTcwJTIyJTIwc2Nyb2xsaW5nJTNEJTIybm8lMjIlM0UlM0MlMkZpZnJhbWUlM0U=[\/vc_raw_html][vc_column_text]<\/p>\n<h2 style=\"text-align: center;\"><span style=\"color: #ffffff;\">Schnapp dir dein Workbook\u00a0<\/span><span style=\"color: #ffffff;\">JETZT<\/span><span style=\"color: #ffffff;\">!<\/span><\/h2>\n<p>[\/vc_column_text][vc_empty_space height=&#8221;10&#8243;][vc_separator color=&#8221;custom&#8221; border_width=&#8221;4&#8243; el_width=&#8221;30&#8243; accent_color=&#8221;#ffffff&#8221; css=&#8221;.vc_custom_1725513543970{padding-top: -30px !important;}&#8221;][vc_empty_space height=&#8221;100&#8243;][vc_raw_html css=&#8221;.vc_custom_1691501622714{margin-top: -80px !important;margin-bottom: -50px !important;}&#8221;]JTNDc2NyaXB0JTIwc3JjJTNEJTIyaHR0cHMlM0ElMkYlMkZ3d3cuZGlnaXN0b3JlMjQtc2NyaXB0cy5jb20lMkZzZXJ2aWNlJTJGZGlnaXN0b3JlLmpzJTIyJTNFJTNDJTJGc2NyaXB0JTNFJTBBJTNDc2NyaXB0JTIwdHlwZSUzRCUyMnRleHQlMkZqYXZhc2NyaXB0JTIyJTNFJTBBZGlnaXN0b3JlUHJvbW9jb2RlJTI4JTIwJTdCJTIwJTIycHJvZHVjdF9pZCUyMiUzQSUyMDQ2NjQ2NSUyQyUyMCUyMmFkanVzdF9kb21haW4lMjIlM0ElMjB0cnVlJTIwJTdEJTIwJTI5JTNCJTBBJTNDJTJGc2NyaXB0JTNF[\/vc_raw_html][\/vc_column][vc_column width=&#8221;1\/4&#8243;][\/vc_column][\/vc_row][vc_row css=&#8221;.vc_custom_1681809220188{padding-top: 20px !important;padding-right: 10px !important;padding-bottom: 10px !important;padding-left: 10px !important;background-color: #013341 !important;}&#8221;][vc_column width=&#8221;1\/4&#8243; css=&#8221;.vc_custom_1649272856203{border-radius: 20px !important;}&#8221;][\/vc_column][vc_column width=&#8221;1\/2&#8243;][vc_single_image image=&#8221;5763&#8243; img_size=&#8221;large&#8221; alignment=&#8221;center&#8221; css=&#8221;.vc_custom_1692094854968{padding-top: 20px !important;}&#8221;][vc_column_text]<\/p>\n<p style=\"text-align: center;\"><span style=\"color: #ffffff;\">Dieses Workbook habe ich Fabian Kreis von FABISDESIGN kids geschrieben.\u00a0<\/span><\/p>\n<p>[\/vc_column_text][\/vc_column][vc_column width=&#8221;1\/4&#8243;][\/vc_column][\/vc_row][vc_row css=&#8221;.vc_custom_1681809220188{padding-top: 20px !important;padding-right: 10px !important;padding-bottom: 10px !important;padding-left: 10px !important;background-color: #013341 !important;}&#8221;][vc_column css=&#8221;.vc_custom_1649272856203{border-radius: 20px !important;}&#8221;][vc_column_text]<\/p>\n<div style=\"text-align: center;\"><span style=\"color: #ffffff;\">*Diese Website ist nicht Teil der Facebook-Website oder der Facebook Inc. Au\u00dferdem wird diese Website in keiner Weise von Facebook unterst\u00fctzt. FACEBOOK ist eine Marke von FACEBOOK, Inc.<\/span><\/div>\n<div style=\"text-align: center;\"><span style=\"color: #ffffff;\">*This site is not a part of the Facebook TM website or Facebook TM Inc. Additionally, this site is NOT endorsed by FacebookTM in any way. FACEBOOK TM is a trademark of FACEBOOK TM, Inc.<\/span><\/div>\n<p>[\/vc_column_text][\/vc_column][\/vc_row]<\/p>\n<\/div>","protected":false},"excerpt":{"rendered":"<p>[vc_row css=&#8221;.vc_custom_1722938619955{padding-right: 10px !important;padding-left: 10px !important;background-color: #013341 !important;}&#8221;][vc_column width=&#8221;1\/4&#8243; css=&#8221;.vc_custom_1649272856203{border-radius: 20px !important;}&#8221;][\/vc_column][vc_column width=&#8221;1\/2&#8243;][vc_single_image image=&#8221;5763&#8243; img_size=&#8221;large&#8221;&#8230;<\/p>\n","protected":false},"author":2,"featured_media":0,"parent":0,"menu_order":0,"comment_status":"closed","ping_status":"closed","template":"","meta":{"footnotes":""},"_links":{"self":[{"href":"https:\/\/fabisdesign-kids.com\/de\/wp-json\/wp\/v2\/pages\/8407"}],"collection":[{"href":"https:\/\/fabisdesign-kids.com\/de\/wp-json\/wp\/v2\/pages"}],"about":[{"href":"https:\/\/fabisdesign-kids.com\/de\/wp-json\/wp\/v2\/types\/page"}],"author":[{"embeddable":true,"href":"https:\/\/fabisdesign-kids.com\/de\/wp-json\/wp\/v2\/users\/2"}],"replies":[{"embeddable":true,"href":"https:\/\/fabisdesign-kids.com\/de\/wp-json\/wp\/v2\/comments?post=8407"}],"version-history":[{"count":10,"href":"https:\/\/fabisdesign-kids.com\/de\/wp-json\/wp\/v2\/pages\/8407\/revisions"}],"predecessor-version":[{"id":8411,"href":"https:\/\/fabisdesign-kids.com\/de\/wp-json\/wp\/v2\/pages\/8407\/revisions\/8411"}],"wp:attachment":[{"href":"https:\/\/fabisdesign-kids.com\/de\/wp-json\/wp\/v2\/media?parent=8407"}],"curies":[{"name":"wp","href":"https:\/\/api.w.org\/{rel}","templated":true}]}}