{"id":5396,"date":"2022-08-26T11:00:23","date_gmt":"2022-08-26T09:00:23","guid":{"rendered":"https:\/\/fabisdesign-kids.com\/?page_id=5396"},"modified":"2025-08-29T10:51:40","modified_gmt":"2025-08-29T08:51:40","slug":"fabis-kreativ-abenteuer-cool-lesen","status":"publish","type":"page","link":"https:\/\/fabisdesign-kids.com\/de\/fabis-kreativ-abenteuer-cool-lesen\/","title":{"rendered":"Fabi&#8217;s Kreativ Abenteuer &#8220;Cool Lesen&#8221;"},"content":{"rendered":"<div class=\"wpb-content-wrapper\"><p>[vc_row css=&#8221;.vc_custom_1756454853336{padding-bottom: 20px !important;background-color: #ffffff !important;}&#8221; responsive_css=&#8221;padding_top_large:70px|padding_bottom_large:50px&#8221;][vc_column][vc_custom_heading text=&#8221;Selbstbewusst lesen, spannend erz\u00e4hlen&#8221; font_container=&#8221;tag:h1|text_align:center&#8221; use_theme_fonts=&#8221;&#8221; google_fonts=&#8221;font_family:Love%20Ya%20Like%20A%20Sister%3Aregular|font_style:400%20regular%3A400%3Anormal&#8221; css=&#8221;.vc_custom_1756456935330{margin-top: 20px !important;margin-bottom: -5px !important;}&#8221;][vc_column_text css=&#8221;.vc_custom_1756457101356{padding-top: 5px !important;}&#8221;]<\/p>\n<h3 style=\"text-align: center;\"><span style=\"font-size: 24px; color: #4ab9c5;\">f\u00fcr Kinder ab der 2. oder 3. Klasse.<\/span><\/h3>\n<p>[\/vc_column_text][vc_separator color=&#8221;custom&#8221; border_width=&#8221;3&#8243; el_width=&#8221;40&#8243; accent_color=&#8221;#4ab9c5&#8243; css=&#8221;.vc_custom_1756457428718{padding-top: -30px !important;}&#8221;][vc_column_text css=&#8221;.vc_custom_1756440515625{padding-bottom: 10px !important;}&#8221;]<\/p>\n<p style=\"text-align: center;\">Mit Schauspielerin <strong data-start=\"367\" data-end=\"384\">Mirja Kalmuth<\/strong> entdecken Kinder, wie sie ihre Stimme lebendig einsetzen, f\u00fcr mehr Freude, Ausdruck und Selbstvertrauen beim Lesen.<\/p>\n<p>[\/vc_column_text][vc_btn title=&#8221;JETZT &#8220;COOL LESEN&#8220;&#8221; style=&#8221;custom&#8221; custom_background=&#8221;#00bc7a&#8221; custom_text=&#8221;#ffffff&#8221; shape=&#8221;round&#8221; align=&#8221;center&#8221; css=&#8221;.vc_custom_1756441871746{padding-top: 20px !important;}&#8221;][vc_single_image image=&#8221;5573&#8243; img_size=&#8221;large&#8221; alignment=&#8221;center&#8221; css=&#8221;.vc_custom_1756456972324{margin-bottom: -30px !important;}&#8221;][vc_column_text css=&#8221;.vc_custom_1756454987737{padding-bottom: 10px !important;}&#8221;]<\/p>\n<p style=\"text-align: center;\"><span style=\"font-size: 12px;\">* Box ist nicht im Lieferumfang enthalten<\/span><\/p>\n<p>[\/vc_column_text][\/vc_column][\/vc_row][vc_row css=&#8221;.vc_custom_1756441663873{padding-top: 40px !important;padding-bottom: 20px !important;background-color: #eff1e6 !important;}&#8221; responsive_css=&#8221;padding_top_large:70px|padding_bottom_large:50px&#8221;][vc_column width=&#8221;1\/2&#8243;][vc_column_text css=&#8221;.vc_custom_1756453942220{padding-bottom: 5px !important;}&#8221;]<\/p>\n<h3 style=\"text-align: left;\">Dein Kind liest zwar, aber\u2026<\/h3>\n<p>[\/vc_column_text][vc_separator color=&#8221;custom&#8221; align=&#8221;align_left&#8221; border_width=&#8221;3&#8243; el_width=&#8221;30&#8243; accent_color=&#8221;#013341&#8243;][vc_column_text css=&#8221;.vc_custom_1756453983481{padding-top: -20px !important;padding-bottom: 20px !important;}&#8221;]<\/p>\n<ul data-start=\"594\" data-end=\"766\">\n<li data-start=\"594\" data-end=\"631\">\n<p data-start=\"596\" data-end=\"631\">es klingt monoton und ohne Freude<\/p>\n<\/li>\n<li data-start=\"632\" data-end=\"670\">\n<p data-start=\"634\" data-end=\"670\">es stolpert \u00fcber schwierige W\u00f6rter<\/p>\n<\/li>\n<li data-start=\"671\" data-end=\"715\">\n<p data-start=\"673\" data-end=\"715\">es verliert schnell die Lust am Vorlesen<\/p>\n<\/li>\n<li data-start=\"716\" data-end=\"766\">\n<p data-start=\"718\" data-end=\"766\">oder es traut sich nicht, vor anderen zu lesen<\/p>\n<\/li>\n<\/ul>\n<p>[\/vc_column_text][vc_column_text css=&#8221;.vc_custom_1756455059221{padding-bottom: 30px !important;}&#8221;]<\/p>\n<p data-start=\"768\" data-end=\"914\"><strong>Viele Eltern machen sich Sorgen:<\/strong><br data-start=\"800\" data-end=\"803\" \/>\u201eWie soll mein Kind Referate schaffen, wenn es schon beim Vorlesen unsicher ist?\u201c<\/p>\n<p data-start=\"916\" data-end=\"1058\"><strong>Die gute Nachricht:<br data-start=\"800\" data-end=\"803\" \/><\/strong>Mit der richtigen Unterst\u00fctzung wird Vorlesen zu einer St\u00e4rke, in der Schule und im Alltag.<\/p>\n<p>[\/vc_column_text][\/vc_column][vc_column width=&#8221;1\/2&#8243;][vc_raw_html]JTNDaWZyYW1lJTIwc3JjJTNEJTIyaHR0cHMlM0ElMkYlMkZ3d3cueW91dHViZS5jb20lMkZlbWJlZCUyRmNIX3l3SHNJdXU0JTNGZW1iZWRwYXJhbWV0ZXIlM0R2YWx1ZSUyMiUyMHdpZHRoJTNEJTIyNjQwJTIyJTIwaGVpZ2h0JTNEJTIyMzYwJTIyJTIwZnJhbWVib3JkZXIlM0QlMjIwJTIyJTIwYWxsb3dmdWxsc2NyZWVuJTNFJTNDJTJGaWZyYW1lJTNF[\/vc_raw_html][\/vc_column][\/vc_row][vc_row css=&#8221;.vc_custom_1655189035256{padding-top: 40px !important;padding-bottom: 20px !important;background-color: #ffffff !important;}&#8221; responsive_css=&#8221;padding_top_large:70px|padding_bottom_large:50px&#8221;][vc_column width=&#8221;1\/2&#8243;][vc_column_text css=&#8221;.vc_custom_1756457464430{padding-bottom: 10px !important;}&#8221;]<\/p>\n<h3 style=\"text-align: center;\">Das Abenteuer \u201eCool lesen\u201c<\/h3>\n<p>[\/vc_column_text][vc_separator color=&#8221;custom&#8221; border_width=&#8221;3&#8243; el_width=&#8221;30&#8243; accent_color=&#8221;#013341&#8243;][vc_column_text css=&#8221;.vc_custom_1756441334517{padding-bottom: 20px !important;}&#8221;]<\/p>\n<p data-start=\"1109\" data-end=\"1213\">Daf\u00fcr haben wir \u201eCool lesen\u201c entwickelt, ein Kreativ-Abenteuer f\u00fcr Kinder, die schon lesen k\u00f6nnen.<\/p>\n<p data-start=\"1215\" data-end=\"1466\">Gemeinsam mit Schauspielerin <strong data-start=\"1244\" data-end=\"1261\">Mirja Kalmuth<\/strong> lernen Kinder spielerisch, wie sie Geschichten mit ihrer Stimme lebendig machen. Mirja bringt ihre Erfahrung aus Theater und Fernsehen kindgerecht ein, leicht verst\u00e4ndlich, motivierend und voller Spa\u00df.<\/p>\n<p data-start=\"1468\" data-end=\"1524\">Dein Kind erlebt: <strong data-start=\"1486\" data-end=\"1522\">Vorlesen kann richtig cool sein.<\/strong><\/p>\n<p>[\/vc_column_text][\/vc_column][vc_column width=&#8221;1\/2&#8243; css=&#8221;.vc_custom_1756442065708{margin-right: 10px !important;margin-left: 10px !important;background-color: rgba(74,185,197,0.4) !important;*background-color: rgb(74,185,197) !important;border-radius: 10px !important;}&#8221;][vc_column_text css=&#8221;.vc_custom_1756457474749{padding-top: 20px !important;padding-bottom: 10px !important;}&#8221;]<\/p>\n<h3 style=\"text-align: center;\">Das sagen Eltern:<\/h3>\n<p>[\/vc_column_text][vc_separator color=&#8221;custom&#8221; border_width=&#8221;3&#8243; el_width=&#8221;30&#8243; accent_color=&#8221;#013341&#8243;][vc_single_image image=&#8221;5462&#8243; img_size=&#8221;medium&#8221; alignment=&#8221;center&#8221;][vc_column_text css=&#8221;.vc_custom_1756442010992{padding-right: 20px !important;padding-bottom: 20px !important;padding-left: 20px !important;}&#8221;]<\/p>\n<p data-start=\"2276\" data-end=\"2473\"><em>\u201eMeine Tochter hat \u201aCool lesen\u2018 vor ihrer ersten Buchpr\u00e4sentation gemacht. Danach stand sie voller Stolz und Sicherheit vor der Klasse. Heute nutzt sie es immer wieder, wenn ein Vortrag ansteht.\u201c<\/em><\/p>\n<p data-start=\"2475\" data-end=\"2644\"><em>\u201eUnser Sohn hatte nie Lust auf Vorlesen. Mit \u201aCool lesen\u2018 hat es sich pl\u00f6tzlich ge\u00e4ndert. Er liest jetzt sogar freiwillig vor, f\u00fcr uns ein riesiger Fortschritt.\u201c<\/em><\/p>\n<p data-start=\"2646\" data-end=\"2804\"><em>\u201eIch habe die \u00dcbungen selbst ausprobiert. Nicht nur unser Sohn profitiert vom Abenteuer, auch ich lese Geschichten jetzt viel spannender vor.\u201c<\/em><\/p>\n<p>[\/vc_column_text][\/vc_column][\/vc_row][vc_row css=&#8221;.vc_custom_1756441663873{padding-top: 40px !important;padding-bottom: 20px !important;background-color: #eff1e6 !important;}&#8221; responsive_css=&#8221;padding_top_large:70px|padding_bottom_large:50px&#8221;][vc_column width=&#8221;1\/2&#8243; css=&#8221;.vc_custom_1756457196754{margin-right: 10px !important;margin-bottom: 30px !important;margin-left: 10px !important;background-color: #ffffff !important;border-radius: 10px !important;}&#8221;][vc_column_text css=&#8221;.vc_custom_1756457488554{margin-right: 10px !important;margin-left: 10px !important;padding-top: 30px !important;padding-bottom: 10px !important;}&#8221;]<\/p>\n<h3 style=\"text-align: center;\">F\u00fcr wen ist \u201eCool lesen\u201c geeignet?<\/h3>\n<p>[\/vc_column_text][vc_separator color=&#8221;custom&#8221; border_width=&#8221;3&#8243; el_width=&#8221;30&#8243; accent_color=&#8221;#013341&#8243;][vc_column_text css=&#8221;.vc_custom_1756454465403{margin-right: 10px !important;margin-left: 10px !important;padding-top: -20px !important;padding-bottom: 20px !important;}&#8221;]<\/p>\n<ul>\n<li>Kinder ab der 2.\/3. Klasse, die fl\u00fcssig lesen, aber noch mehr Freude und Ausdruck wollen<\/li>\n<li>Kinder, die vor der Klasse sicherer auftreten wollen<\/li>\n<li>Familien, die noch mehr Spa\u00df beim gemeinsamen Vorlesen haben m\u00f6chten<\/li>\n<\/ul>\n<p>[\/vc_column_text][\/vc_column][vc_column width=&#8221;1\/2&#8243; css=&#8221;.vc_custom_1756454544652{margin-right: 10px !important;margin-left: 10px !important;background-color: #ffffff !important;border-radius: 10px !important;}&#8221;][vc_column_text css=&#8221;.vc_custom_1756457496971{margin-right: 10px !important;margin-left: 10px !important;padding-top: 30px !important;padding-bottom: 10px !important;}&#8221;]<\/p>\n<h3 style=\"text-align: center;\">Bonus f\u00fcr Eltern<\/h3>\n<p>[\/vc_column_text][vc_separator color=&#8221;custom&#8221; border_width=&#8221;3&#8243; el_width=&#8221;30&#8243; accent_color=&#8221;#013341&#8243;][vc_column_text css=&#8221;.vc_custom_1756454597934{margin-right: 10px !important;margin-left: 10px !important;padding-top: -20px !important;padding-bottom: 20px !important;}&#8221;]<\/p>\n<p data-start=\"3105\" data-end=\"3136\">Nicht nur Kinder profitieren:<\/p>\n<ul>\n<li style=\"list-style-type: none;\">\n<ul data-start=\"3137\" data-end=\"3329\">\n<li data-start=\"3137\" data-end=\"3206\">\n<p data-start=\"3139\" data-end=\"3206\">Die Aufw\u00e4rm\u00fcbungen helfen auch Erwachsenen, lebendiger vorzulesen<\/p>\n<\/li>\n<li data-start=\"3207\" data-end=\"3260\">\n<p data-start=\"3209\" data-end=\"3260\">N\u00fctzlich im Job bei Pr\u00e4sentationen oder Vortr\u00e4gen<\/p>\n<\/li>\n<li data-start=\"3261\" data-end=\"3329\">\n<p data-start=\"3263\" data-end=\"3329\">Und vor allem: Es macht Spa\u00df, die eigene Stimme neu zu entdecken<\/p>\n<\/li>\n<\/ul>\n<\/li>\n<\/ul>\n<p>[\/vc_column_text][\/vc_column][\/vc_row][vc_row css=&#8221;.vc_custom_1655189035256{padding-top: 40px !important;padding-bottom: 20px !important;background-color: #ffffff !important;}&#8221; responsive_css=&#8221;padding_top_large:70px|padding_bottom_large:50px&#8221;][vc_column width=&#8221;1\/2&#8243;][vc_single_image image=&#8221;5625&#8243; img_size=&#8221;full&#8221; alignment=&#8221;center&#8221;][vc_raw_html][\/vc_raw_html][\/vc_column][vc_column width=&#8221;1\/2&#8243;][vc_column_text css=&#8221;.vc_custom_1661504459784{padding-bottom: 10px !important;}&#8221;]<\/p>\n<h3 style=\"text-align: center;\"><span style=\"font-size: 24px;\">Lernen von einer Schauspielerin<\/span><\/h3>\n<p>[\/vc_column_text][vc_separator color=&#8221;custom&#8221; border_width=&#8221;3&#8243; el_width=&#8221;30&#8243; accent_color=&#8221;#013341&#8243;][vc_column_text css=&#8221;.vc_custom_1664200056592{padding-bottom: 10px !important;}&#8221;]Das Kreativ-Abenteuer &#8220;Cool Lesen&#8221; ist in Zusammenarbeit mit Mirya Kalmuth entstanden. Du kennst sie bestimmt aus diversen Filmen und Serien.<\/p>\n<p>Mirya ist ausgebildete Schauspielerin und hat sowohl an Schulen als auch im Friedrichstadtpalast und an der Kinder- und Jugendschauspielschule Goldoni als Dozentin f\u00fcr darstellendes Spiel, Improtheater und szenische Lesungen unterrichtet.<\/p>\n<p>Mit ihren Tips und Tricks hilft sie Kindern, ihre Stimme noch besser kennenzulernen und einzusetzen. Dank\u00a0unterschiedlichen Schauspieltechniken gibt sie Kindern die M\u00f6glichkeit das Lesen auf spielerische Weise zu lernen und damit ihre Lesef\u00e4higkeit zu verbessern.<\/p>\n<p>Komme mit ins Abenteuer und entdecke mit uns wie viel Spa\u00df Vorlesen machen kann![\/vc_column_text][\/vc_column][\/vc_row][vc_row css=&#8221;.vc_custom_1655189758965{padding-top: 40px !important;padding-bottom: 20px !important;background-color: #f82d5b !important;}&#8221; responsive_css=&#8221;padding_top_large:70px|padding_bottom_large:50px&#8221;][vc_column][vc_column_text css=&#8221;.vc_custom_1661503931735{padding-bottom: 10px !important;}&#8221;]<\/p>\n<h1 style=\"text-align: center;\"><span style=\"color: #ffffff;\"><strong><span style=\"font-size: 46px;\">&#8220;Cool Lesen&#8221;<\/span><\/strong><\/span><\/h1>\n<p>[\/vc_column_text][vc_separator color=&#8221;custom&#8221; border_width=&#8221;5&#8243; el_width=&#8221;30&#8243; accent_color=&#8221;#ffffff&#8221;][vc_column_text css=&#8221;.vc_custom_1661504098429{padding-bottom: 10px !important;}&#8221;]<\/p>\n<h3 style=\"text-align: center;\"><span style=\"font-size: 24px; color: #ffffff;\">Noch mehr Power f\u00fcr unsere Stimme<\/span><\/h3>\n<p>[\/vc_column_text][\/vc_column][\/vc_row][vc_row css=&#8221;.vc_custom_1621361001531{padding-top: 40px !important;padding-bottom: 20px !important;background-color: #f82d5b !important;}&#8221; responsive_css=&#8221;padding_top_large:70px|padding_bottom_large:50px&#8221;][vc_column][vc_row_inner css=&#8221;.vc_custom_1617781492491{margin-right: 0px !important;margin-left: 0px !important;}&#8221; responsive_css=&#8221;margin_right_large:80px|margin_left_large:80px&#8221;][vc_column_inner width=&#8221;2\/3&#8243;][vc_column_text]<\/p>\n<div style=\"text-align: left;\">\n<h3><strong><span style=\"color: #ffffff; font-size: 18px;\">Los geht&#8217;s <\/span><\/strong><span style=\"color: #ffffff; font-size: 18px;\">(Kapitel 1)<\/span><\/h3>\n<div><span style=\"font-weight: 400; color: #ffffff;\">FABI liest seinen Jungs eine coole Geschichte vor, aber leider sind die beiden sooo gelangweilt, das sie gleich einschlafen&#8230;.<\/span><\/div>\n<\/div>\n<p>[\/vc_column_text][vc_empty_space][vc_column_text]<\/p>\n<div style=\"text-align: left;\"><\/div>\n<div>\n<h3><strong><span style=\"color: #ffffff; font-size: 18px;\">Warm Up\u00a0<\/span><\/strong><span style=\"color: #ffffff; font-size: 18px;\">(Kapitel 2)<\/span><\/h3>\n<div><span style=\"color: #ffffff;\"><span style=\"caret-color: #ffffff;\">Wir treffen die Schauspielerin \u00a0Mirya. Sie zeigt uns wie man noch bevor man liest, sich wie ein Schauspiel-Profi warm machen kann.<\/span><\/span><\/div>\n<\/div>\n<p>[\/vc_column_text][vc_empty_space][vc_column_text]<\/p>\n<div style=\"text-align: left;\"><\/div>\n<div>\n<h3><span style=\"color: #ffffff; font-size: 18px;\"><b>Muk &amp; Leo\u00a0<\/b>(Kapitel 3)<\/span><\/h3>\n<div><span style=\"color: #ffffff;\"><span style=\"caret-color: #ffffff;\">Wir zeichnen zwei Tiere, damit wir uns noch besser in die unterschiedlichen Charaktere einer Geschichte hineinversetzen k\u00f6nnen.<\/span><\/span><\/div>\n<\/div>\n<p>[\/vc_column_text][vc_empty_space][vc_column_text]<\/p>\n<div style=\"text-align: left;\"><\/div>\n<div>\n<h3><span style=\"color: #ffffff; font-size: 18px;\"><b>Mirya&#8217;s Tips\u00a0<\/b>(Kapitel 4)<\/span><\/h3>\n<div><span style=\"color: #ffffff;\"><span style=\"caret-color: #ffffff;\">Mirya gibt uns viele wertvolle Tips, damit wir noch cooler vorlesen k\u00f6nnen.<\/span><\/span><\/div>\n<\/div>\n<p>[\/vc_column_text][\/vc_column_inner][vc_column_inner width=&#8221;1\/3&#8243;][vc_single_image image=&#8221;5573&#8243; img_size=&#8221;large&#8221; alignment=&#8221;center&#8221;][\/vc_column_inner][\/vc_row_inner][\/vc_column][\/vc_row][vc_row css=&#8221;.vc_custom_1621361012052{padding-bottom: 50px !important;background-color: #f82d5b !important;}&#8221;][vc_column align=&#8221;text-center&#8221; css=&#8221;.vc_custom_1618302874960{border-radius: 3px !important;}&#8221;][vc_column_text css=&#8221;.vc_custom_1671176912257{padding-top: 30px !important;padding-bottom: 50px !important;}&#8221;]<\/p>\n<h4 style=\"text-align: center;\"><span style=\"color: #ffffff;\"><span style=\"caret-color: #ffffff;\">7 Videos mit mehr als 65min Gesamtspielzeit<\/span><\/span><\/h4>\n<p>[\/vc_column_text][vc_column_text css=&#8221;.vc_custom_1656654388214{padding-bottom: 10px !important;}&#8221;]<\/p>\n<h2 style=\"text-align: center;\"><span style=\"color: #ffffff;\"><strong>F\u00fcr 27,00\u20ac<\/strong><\/span><\/h2>\n<p>[\/vc_column_text][\/vc_column][\/vc_row][vc_row css=&#8221;.vc_custom_1621361036957{padding-bottom: 80px !important;background-color: #f82d5b !important;}&#8221;][vc_column align=&#8221;text-center&#8221;]<style>.ld_button_69dc288d8d0f8.btn-icon-solid .btn-icon{background:rgb(0, 188, 122);}.ld_button_69dc288d8d0f8.btn-icon-circle.btn-icon-ripple .btn-icon:before{border-color:rgb(0, 188, 122);}.ld_button_69dc288d8d0f8.btn-icon-solid:hover .btn-icon{background:rgb(0, 188, 122);}.ld_button_69dc288d8d0f8{background-color:rgb(0, 188, 122);border-color:rgb(0, 188, 122);color:rgb(255, 255, 255);font-size:16px !important;font-weight:700 !important;letter-spacing:0.05em !important;}.ld_button_69dc288d8d0f8:hover{background-color:rgb(0, 188, 122);border-color:rgb(0, 188, 122);color:rgb(255, 255, 255);}.ld_button_69dc288d8d0f8 .btn-gradient-bg-hover{background:-webkit-linear-gradient(to right, rgb(0, 188, 122) 0%, rgb(0, 188, 122) 100%);background:linear-gradient(to right, rgb(0, 188, 122) 0%, rgb(0, 188, 122) 100%);}.ld_button_69dc288d8d0f8 .btn-gradient-border defs stop:first-child{stop-color:rgb(0, 188, 122);}.ld_button_69dc288d8d0f8 .btn-gradient-border defs stop:last-child{stop-color:rgb(0, 188, 122);}.ld_button_69dc288d8d0f8:hover .btn-gradient-border defs stop:first-child{stop-color:rgb(0, 188, 122);}.ld_button_69dc288d8d0f8:hover .btn-gradient-border defs stop:last-child{stop-color:rgb(0, 188, 122);}<\/style><a href=\"https:\/\/www.digistore24.com\/product\/460114\" class=\"btn btn-solid text-uppercase circle btn-bordered border-thin ld_button_69dc288d8d0f8 vc_custom_1663088329863\">\n\t<span>\n\t\t\n\t\t\t\t\t<span class=\"btn-txt\">Jetzt cool lesen!<\/span>\n\t\t\t\n\t\t\t\t<\/span>\n<\/a>\n[vc_column_text css=&#8221;.vc_custom_1663089770767{padding-top: 30px !important;padding-bottom: 10px !important;}&#8221;]<\/p>\n<h4 style=\"text-align: center;\"><span style=\"color: #ffffff;\"><span style=\"caret-color: #ffffff;\">Kein\u00a0Abonnement &amp; keine Folgekosten.<\/span><\/span><\/h4>\n<p style=\"text-align: center;\"><span style=\"color: #ffffff;\">Du kannst auf das Abenteuer 1 Jahr zugreifen.<\/span><\/p>\n<p>[\/vc_column_text][vc_column_text css=&#8221;.vc_custom_1756457363003{padding-top: 30px !important;padding-bottom: 10px !important;}&#8221;]<\/p>\n<p style=\"text-align: center;\"><strong><span style=\"color: #ffffff;\"><span style=\"caret-color: #ffffff;\">Du magst noch l\u00e4nger auf das Abenteuer zur\u00fcckgreifen?\u00a0<\/span><\/span><\/strong><\/p>\n<p style=\"text-align: center;\"><span style=\"color: #ffffff;\"><span style=\"caret-color: #ffffff;\">Schreib mir nach Ablauf des Jahres einfach eine Email und dann finde ich sicherlich eine M\u00f6glichkeit dir das Abenteuer erneut freizuschalten.<\/span><\/span><\/p>\n<p>[\/vc_column_text][\/vc_column][\/vc_row]<\/p>\n<\/div>","protected":false},"excerpt":{"rendered":"<p>[vc_row css=&#8221;.vc_custom_1756454853336{padding-bottom: 20px !important;background-color: #ffffff !important;}&#8221; responsive_css=&#8221;padding_top_large:70px|padding_bottom_large:50px&#8221;][vc_column][vc_custom_heading text=&#8221;Selbstbewusst lesen, spannend erz\u00e4hlen&#8221; font_container=&#8221;tag:h1|text_align:center&#8221; use_theme_fonts=&#8221;&#8221; google_fonts=&#8221;font_family:Love%20Ya%20Like%20A%20Sister%3Aregular|font_style:400%20regular%3A400%3Anormal&#8221; css=&#8221;.vc_custom_1756456935330{margin-top:&#8230;<\/p>\n","protected":false},"author":2,"featured_media":0,"parent":0,"menu_order":0,"comment_status":"closed","ping_status":"closed","template":"","meta":{"footnotes":""},"_links":{"self":[{"href":"https:\/\/fabisdesign-kids.com\/de\/wp-json\/wp\/v2\/pages\/5396"}],"collection":[{"href":"https:\/\/fabisdesign-kids.com\/de\/wp-json\/wp\/v2\/pages"}],"about":[{"href":"https:\/\/fabisdesign-kids.com\/de\/wp-json\/wp\/v2\/types\/page"}],"author":[{"embeddable":true,"href":"https:\/\/fabisdesign-kids.com\/de\/wp-json\/wp\/v2\/users\/2"}],"replies":[{"embeddable":true,"href":"https:\/\/fabisdesign-kids.com\/de\/wp-json\/wp\/v2\/comments?post=5396"}],"version-history":[{"count":11,"href":"https:\/\/fabisdesign-kids.com\/de\/wp-json\/wp\/v2\/pages\/5396\/revisions"}],"predecessor-version":[{"id":10013,"href":"https:\/\/fabisdesign-kids.com\/de\/wp-json\/wp\/v2\/pages\/5396\/revisions\/10013"}],"wp:attachment":[{"href":"https:\/\/fabisdesign-kids.com\/de\/wp-json\/wp\/v2\/media?parent=5396"}],"curies":[{"name":"wp","href":"https:\/\/api.w.org\/{rel}","templated":true}]}}