{"id":3689,"date":"2021-11-25T11:40:57","date_gmt":"2021-11-25T10:40:57","guid":{"rendered":"https:\/\/fabisdesign-kids.com\/?page_id=3689"},"modified":"2023-08-01T09:18:58","modified_gmt":"2023-08-01T07:18:58","slug":"fabis-grosse-abenteuer-paket","status":"publish","type":"page","link":"https:\/\/fabisdesign-kids.com\/de\/fabis-grosse-abenteuer-paket\/","title":{"rendered":"FABI&#8217;s gro\u00dfes Abenteuer Paket"},"content":{"rendered":"<div class=\"wpb-content-wrapper\"><p>[vc_row css=&#8221;.vc_custom_1618472877781{padding-top: 20px !important;background-color: #013341 !important;}&#8221;][vc_column width=&#8221;1\/4&#8243;][\/vc_column][vc_column width=&#8221;1\/2&#8243;][vc_single_image image=&#8221;2669&#8243; img_size=&#8221;large&#8221; alignment=&#8221;center&#8221;][\/vc_column][vc_column width=&#8221;1\/4&#8243;][\/vc_column][\/vc_row][vc_row css=&#8221;.vc_custom_1637836568668{padding-top: 70px !important;padding-bottom: 50px !important;background-color: #4ab9c5 !important;}&#8221;][vc_column width=&#8221;1\/4&#8243;][\/vc_column][vc_column width=&#8221;1\/2&#8243;][vc_column_text css=&#8221;.vc_custom_1669986399320{padding-bottom: 10px !important;}&#8221;]<\/p>\n<h2 style=\"text-align: center;\"><span style=\"color: #ffffff;\"><strong><span style=\"font-size: 46px;\">FABI&#8217;s gro\u00dfes Abenteuer Paket:<\/span><\/strong><\/span><\/h2>\n<p>[\/vc_column_text][vc_separator color=&#8221;custom&#8221; border_width=&#8221;5&#8243; el_width=&#8221;30&#8243; accent_color=&#8221;#ffffff&#8221;][vc_raw_html]JTNDaWZyYW1lJTIwc3JjJTNEJTIyaHR0cHMlM0ElMkYlMkZwbGF5ZXIudmltZW8uY29tJTJGdmlkZW8lMkY3NzY5NDQyMTAlM0ZlbWJlZHBhcmFtZXRlciUzRHZhbHVlJTIyJTIwd2lkdGglM0QlMjI2NDAlMjIlMjBoZWlnaHQlM0QlMjIzNjAlMjIlMjBmcmFtZWJvcmRlciUzRCUyMjAlMjIlMjBhbGxvd2Z1bGxzY3JlZW4lM0UlM0MlMkZpZnJhbWUlM0U=[\/vc_raw_html][\/vc_column][vc_column width=&#8221;1\/4&#8243;][\/vc_column][\/vc_row][vc_row css=&#8221;.vc_custom_1637836580513{padding-bottom: 00px !important;background-color: #4ab9c5 !important;}&#8221;][vc_column width=&#8221;1\/2&#8243;][vc_column_text]<\/p>\n<h4><span style=\"color: #ffffff; font-size: large;\">Das Paket\u00a0beinhaltet drei Kreativ-Abenteuer:<\/span><\/h4>\n<div><\/div>\n<div><strong><span style=\"color: #ffffff; font-size: large;\">\u2022 Rette Herrn Rumpelpumpel<\/span><\/strong><\/div>\n<div><strong><span style=\"color: #ffffff; font-size: large;\">\u2022 Die\u00a0<span style=\"caret-color: #ffffff;\">H\u00f6hlen-Expedition<\/span><\/span><\/strong><\/div>\n<div><strong><span style=\"color: #ffffff; font-size: large;\"><span style=\"caret-color: #ffffff;\">\u2022 Das Riesen-Ei<\/span><\/span><\/strong><\/div>\n<p>[\/vc_column_text][vc_column_text css=&#8221;.vc_custom_1669989628139{margin-top: 30px !important;margin-bottom: 30px !important;}&#8221;]<\/p>\n<div><span style=\"color: #ffffff;\"><span style=\"color: #ffffff; font-size: large;\"><span style=\"caret-color: #ffffff;\"><strong>+ <\/strong><b>Bonus &#8220;Der Goldschatz von Runde&#8221;<\/b><\/span><\/span><\/span><\/div>\n<div><span style=\"color: #ffffff;\">Erfahrt mehr von einer wahren Geschichte die von Piraten, Segelschiffen und einem echten Goldschatz handelt.<\/span><\/div>\n<p>[\/vc_column_text][vc_column_text css=&#8221;.vc_custom_1657858094068{margin-top: 30px !important;margin-bottom: 30px !important;}&#8221;]<\/p>\n<div><span style=\"color: #ffffff;\"><span style=\"color: #ffffff; font-size: large;\"><span style=\"caret-color: #ffffff;\"><strong>+ <\/strong><b>Bonus zwei &#8220;Mini-Abenteuer&#8221;<\/b><\/span><\/span><\/span><\/div>\n<div><span style=\"color: #ffffff;\">In den &#8220;Mini-Abenteuern&#8221; gebe ich Anregungen und Tips, die dein Kind selbstst\u00e4ndig und mit viel Spa\u00df kreativ umsetzen wird.<\/span><\/div>\n<p>[\/vc_column_text][vc_column_text]<\/p>\n<h4><span style=\"color: #ffffff;\">Pr\u00e4miertes Produkt f\u00fcr Kinder<\/span><\/h4>\n<p><span style=\"color: #ffffff;\">&#8220;FABI&#8217;s gro\u00dfe Abenteuer-Paket&#8221; wurde als eine innovative und herausragende digitale Lernl\u00f6sung f\u00fcr Kinder von der\u00a0Gesellschaft f\u00fcr P\u00e4dagogik, Information und Medien e. V. (GPI)\u00a0ausgezeichnet und\u00a0erh\u00e4lt die\u00a0Comenius-EduMedia-Medaille und das Comenius-Siegel.\u00a0<\/span>[\/vc_column_text][\/vc_column][vc_column width=&#8221;1\/2&#8243;][vc_single_image image=&#8221;5089&#8243; img_size=&#8221;large&#8221; alignment=&#8221;center&#8221;][\/vc_column][\/vc_row][vc_row css=&#8221;.vc_custom_1637836590262{padding-top: 40px !important;padding-bottom: 50px !important;background-color: #4ab9c5 !important;}&#8221;][vc_column align=&#8221;text-center&#8221;][vc_column_text css=&#8221;.vc_custom_1669989433131{padding-top: 10px !important;padding-bottom: 10px !important;}&#8221;]<\/p>\n<h5 style=\"text-align: center;\"><strong><span style=\"font-size: 18px;\"><span style=\"color: #ffffff;\">Das sind mehr als 30 Videos mit einer Gesamtspielzeit von mehr als\u00a0<\/span><\/span><\/strong><strong style=\"font-size: 16px;\"><span style=\"font-size: 18px;\"><span style=\"color: #ffffff;\">4 Stunden kreativer Video-Spa\u00df<\/span><\/span><\/strong><\/h5>\n<p>[\/vc_column_text][vc_column_text css=&#8221;.vc_custom_1690874335054{padding-top: 10px !important;padding-bottom: 10px !important;}&#8221;]<\/p>\n<h2 style=\"text-align: center;\"><span style=\"color: #ffffff;\"><span style=\"font-size: 46px;\"><strong>f\u00fcr nur 69,00\u20ac<\/strong> <del>statt 97\u20ac<\/del><\/span><\/span><\/h2>\n<p>[\/vc_column_text]<style>.ld_button_69e350a35edaa.btn-icon-solid .btn-icon{background:rgb(0, 188, 122);}.ld_button_69e350a35edaa.btn-icon-circle.btn-icon-ripple .btn-icon:before{border-color:rgb(0, 188, 122);}.ld_button_69e350a35edaa.btn-icon-solid:hover .btn-icon{background:rgb(0, 188, 122);}.ld_button_69e350a35edaa{background-color:rgb(0, 188, 122);border-color:rgb(0, 188, 122);color:rgb(255, 255, 255);font-size:16px !important;font-weight:700 !important;letter-spacing:0.05em !important;}.ld_button_69e350a35edaa:hover{background-color:rgb(0, 188, 122);border-color:rgb(0, 188, 122);color:rgb(255, 255, 255);}.ld_button_69e350a35edaa .btn-gradient-bg-hover{background:-webkit-linear-gradient(to right, rgb(0, 188, 122) 0%, rgb(0, 188, 122) 100%);background:linear-gradient(to right, rgb(0, 188, 122) 0%, rgb(0, 188, 122) 100%);}.ld_button_69e350a35edaa .btn-gradient-border defs stop:first-child{stop-color:rgb(0, 188, 122);}.ld_button_69e350a35edaa .btn-gradient-border defs stop:last-child{stop-color:rgb(0, 188, 122);}.ld_button_69e350a35edaa:hover .btn-gradient-border defs stop:first-child{stop-color:rgb(0, 188, 122);}.ld_button_69e350a35edaa:hover .btn-gradient-border defs stop:last-child{stop-color:rgb(0, 188, 122);}<\/style><a href=\"https:\/\/www.digistore24.com\/product\/417859\" class=\"btn btn-solid text-uppercase circle btn-bordered border-thin ld_button_69e350a35edaa vc_custom_1637836992457\">\n\t<span>\n\t\t\n\t\t\t\t\t<span class=\"btn-txt\">Auf in die Abenteuer<\/span>\n\t\t\t\n\t\t\t\t<\/span>\n<\/a>\n[vc_column_text css=&#8221;.vc_custom_1651174089315{padding-top: 30px !important;padding-bottom: 10px !important;}&#8221;]<\/p>\n<p style=\"text-align: center;\"><span style=\"color: #ffffff;\"><span style=\"caret-color: #ffffff;\">Kein\u00a0Abonnement &amp; keine Folgekosten.<\/span><\/span><\/p>\n<p style=\"text-align: center;\"><span style=\"color: #ffffff;\">Du kannst auf das Abenteuer 1 Jahr zugreifen.<\/span><\/p>\n<p>[\/vc_column_text][\/vc_column][\/vc_row]<\/p>\n<\/div>","protected":false},"excerpt":{"rendered":"<p>[vc_row css=&#8221;.vc_custom_1618472877781{padding-top: 20px !important;background-color: #013341 !important;}&#8221;][vc_column width=&#8221;1\/4&#8243;][\/vc_column][vc_column width=&#8221;1\/2&#8243;][vc_single_image image=&#8221;2669&#8243; img_size=&#8221;large&#8221; alignment=&#8221;center&#8221;][\/vc_column][vc_column width=&#8221;1\/4&#8243;][\/vc_column][\/vc_row][vc_row css=&#8221;.vc_custom_1637836568668{padding-top: 70px !important;padding-bottom:&#8230;<\/p>\n","protected":false},"author":2,"featured_media":0,"parent":0,"menu_order":0,"comment_status":"closed","ping_status":"closed","template":"","meta":{"footnotes":""},"_links":{"self":[{"href":"https:\/\/fabisdesign-kids.com\/de\/wp-json\/wp\/v2\/pages\/3689"}],"collection":[{"href":"https:\/\/fabisdesign-kids.com\/de\/wp-json\/wp\/v2\/pages"}],"about":[{"href":"https:\/\/fabisdesign-kids.com\/de\/wp-json\/wp\/v2\/types\/page"}],"author":[{"embeddable":true,"href":"https:\/\/fabisdesign-kids.com\/de\/wp-json\/wp\/v2\/users\/2"}],"replies":[{"embeddable":true,"href":"https:\/\/fabisdesign-kids.com\/de\/wp-json\/wp\/v2\/comments?post=3689"}],"version-history":[{"count":10,"href":"https:\/\/fabisdesign-kids.com\/de\/wp-json\/wp\/v2\/pages\/3689\/revisions"}],"predecessor-version":[{"id":3691,"href":"https:\/\/fabisdesign-kids.com\/de\/wp-json\/wp\/v2\/pages\/3689\/revisions\/3691"}],"wp:attachment":[{"href":"https:\/\/fabisdesign-kids.com\/de\/wp-json\/wp\/v2\/media?parent=3689"}],"curies":[{"name":"wp","href":"https:\/\/api.w.org\/{rel}","templated":true}]}}