{"id":3418,"date":"2021-09-10T10:49:17","date_gmt":"2021-09-10T08:49:17","guid":{"rendered":"https:\/\/fabisdesign-kids.com\/?page_id=3418"},"modified":"2022-09-27T10:46:56","modified_gmt":"2022-09-27T08:46:56","slug":"fka3","status":"publish","type":"page","link":"https:\/\/fabisdesign-kids.com\/de\/fka3\/","title":{"rendered":"FABI&#8217;s Kreativ-Abenteuer Nr 3"},"content":{"rendered":"<div class=\"wpb-content-wrapper\"><p>[vc_row bg_position=&#8221;center center&#8221; css=&#8221;.vc_custom_1619629074705{background-image: url(https:\/\/fabisdesign-kids.com\/wp-content\/uploads\/2021\/04\/FKA-3d-Banner-breit.jpg?id=2799) !important;}&#8221;][vc_column][vc_empty_space height=&#8221;500px&#8221;][\/vc_column][\/vc_row][vc_row css=&#8221;.vc_custom_1621361001531{padding-top: 40px !important;padding-bottom: 20px !important;background-color: #f82d5b !important;}&#8221; responsive_css=&#8221;padding_top_large:70px|padding_bottom_large:50px&#8221;][vc_column][vc_column_text css=&#8221;.vc_custom_1631264113878{padding-bottom: 10px !important;}&#8221;]<\/p>\n<h2 style=\"text-align: center;\"><span style=\"color: #ffffff;\"><strong><span style=\"font-size: 46px;\">Mein drittes Kreativ-Abenteuer:<\/span><\/strong><\/span><\/h2>\n<p>[\/vc_column_text][vc_single_image image=&#8221;3392&#8243; img_size=&#8221;medium&#8221; alignment=&#8221;center&#8221;][vc_column_text css=&#8221;.vc_custom_1631264126785{padding-bottom: 10px !important;}&#8221;]<\/p>\n<h2 style=\"text-align: center;\"><span style=\"color: #ffffff;\"><strong><span style=\"font-size: 46px;\">Das Riesen Ei<\/span><\/strong><\/span><\/h2>\n<p>[\/vc_column_text][vc_separator color=&#8221;custom&#8221; border_width=&#8221;5&#8243; el_width=&#8221;30&#8243; accent_color=&#8221;#ffffff&#8221;][\/vc_column][\/vc_row][vc_row css=&#8221;.vc_custom_1621361012052{padding-bottom: 50px !important;background-color: #f82d5b !important;}&#8221;][vc_column width=&#8221;1\/6&#8243; align=&#8221;text-center&#8221; css=&#8221;.vc_custom_1618302874960{border-radius: 3px !important;}&#8221;][\/vc_column][vc_column width=&#8221;2\/3&#8243;][vc_column_text]<\/p>\n<div><span style=\"color: #ffffff;\">In diesem Kreativ-Abenteuer dreht sich alles um das geheimnisvolle Ei, das wir w\u00e4hrend unser H\u00f6hlen-Expedition gefunden haben. Allem Anschein nach ist etwas aus dem Ei geschl\u00fcpft aber erst einmal unauffindbar.<\/span><\/div>\n<div><\/div>\n<div><\/div>\n<div><span style=\"color: #ffffff;\">Also m\u00fcssen wir wieder die Stifte z\u00fccken: Wir werden nicht nur L\u00f6sungen finden das geheimnisvolle Lebewesen anzulocken, sondern auch echte Profi-Techniken von Comiczeichnern und Designern lernen. Da wir jetzt auch die Proportionsunterschiede kennen, bringen wir in diesem Abenteuer kleine und gro\u00dfe Dinos zu Papier und erwecken ganze Dino-Familien zum Leben!<\/span><\/div>\n<div><\/div>\n<div><\/div>\n<div><span style=\"color: #ffffff;\">Seid ihr bereit f\u00fcr die n\u00e4chste kreative Abenteuerreise?<\/span><\/div>\n<p>[\/vc_column_text][\/vc_column][vc_column width=&#8221;1\/6&#8243;][\/vc_column][\/vc_row][vc_row css=&#8221;.vc_custom_1631263809765{padding-top: 40px !important;padding-bottom: 20px !important;background-color: #f82d5b !important;}&#8221; responsive_css=&#8221;padding_top_large:70px|padding_bottom_large:50px&#8221;][vc_column][vc_row_inner css=&#8221;.vc_custom_1617781492491{margin-right: 0px !important;margin-left: 0px !important;}&#8221; responsive_css=&#8221;margin_right_large:80px|margin_left_large:80px&#8221;][vc_column_inner width=&#8221;2\/3&#8243;][vc_column_text]<\/p>\n<div style=\"text-align: left;\">\n<h4><strong><span class=\"\" style=\"color: #ffffff;\">Das Ei ist geschl\u00fcpft (Modul 1)<\/span><\/strong><\/h4>\n<p><span class=\"\" style=\"color: #ffffff;\">Wisst ihr noch? W\u00e4hrend unserer H\u00f6hlen-Expedition haben wir ein riesiges Ei entdeckt. Und siehe da, tats\u00e4chlich ist in der Zwischenzeit etwas aus dem Ei geschl\u00fcpft. Leider k\u00f6nnen wir weit und breit kein Lebewesen entdecken. Habt ihr eine Idee wie wir es anlocken k\u00f6nnten?<\/span><\/p>\n<\/div>\n<p>[\/vc_column_text][vc_empty_space][vc_column_text]<\/p>\n<h4><strong><span class=\"\" style=\"color: #ffffff;\">Hurra ein Dino ist da! (Modul 2)<\/span><\/strong><\/h4>\n<div class=\"\"><span style=\"color: #ffffff;\"><span class=\"\">Was wohl aus dem Ei geschl\u00fcpft sein k\u00f6nnte? Lass es uns erstmal zeichen!\u00a0 Fabi hat das Lebewesen tats\u00e4chlich kurz gesehen. Da er kein Foto machen konnte, zeigt er uns aber eine <\/span><span class=\"\">Skulptur,<\/span><span class=\"\"> die ihm \u00e4hnelt. Mit einer neuen Zeichentechnik, die auch von echten Profi-Comiczeichnern und Designern verwendet wird, bringen wir unsere eigenen Dinos zu Papier!\u00a0<\/span><\/span><\/div>\n<div><\/div>\n<p>[\/vc_column_text][vc_empty_space][vc_column_text]<\/p>\n<h4 dir=\"ltr\"><strong><span class=\"\" style=\"color: #ffffff;\">Die Dinos sind los!\u00a0 (Modul 3)<\/span><\/strong><\/h4>\n<div class=\"\"><span class=\"\" style=\"color: #ffffff;\">Jetzt kann\u2019s\u00a0 losgehen, nachdem wir die neue Technik gelernt haben, entdecken wir die Proportionsunterschiede zwischen ausgewachsenen Dinos und dem Baby-Dino und lernen dabei, wie man mit wenigen Kniffen einen niedlichen Baby-Dino zeichnet! Mit allem was wir nun gelernt haben, k\u00f6nnen wir eine ganze Dino-Familie zum Leben erwecken!<\/span><\/div>\n<p>[\/vc_column_text][\/vc_column_inner][vc_column_inner width=&#8221;1\/3&#8243;][vc_single_image image=&#8221;3419&#8243; img_size=&#8221;large&#8221; alignment=&#8221;center&#8221;][\/vc_column_inner][\/vc_row_inner][\/vc_column][\/vc_row][vc_row css=&#8221;.vc_custom_1621361012052{padding-bottom: 50px !important;background-color: #f82d5b !important;}&#8221;][vc_column align=&#8221;text-center&#8221; css=&#8221;.vc_custom_1618302874960{border-radius: 3px !important;}&#8221;][vc_column_text css=&#8221;.vc_custom_1640510168064{padding-bottom: 50px !important;}&#8221;]<\/p>\n<h4 style=\"text-align: center;\"><span style=\"color: #ffffff;\"><span style=\"caret-color: #ffffff;\">7 Videos mit mehr als 67min Gesamtspielzeit<\/span><\/span><\/h4>\n<p>[\/vc_column_text][vc_column_text css=&#8221;.vc_custom_1664268409489{padding-bottom: 10px !important;}&#8221;]<\/p>\n<h2 style=\"text-align: center;\"><span style=\"color: #ffffff;\"><strong>f\u00fcr nur 27\u20ac<\/strong><\/span><\/h2>\n<p>[\/vc_column_text][\/vc_column][\/vc_row][vc_row css=&#8221;.vc_custom_1631545980046{padding-bottom: 100px !important;background-color: #f82d5b !important;}&#8221;][vc_column align=&#8221;text-center&#8221;]<style>.ld_button_69f6f08b18ed9.btn-icon-solid .btn-icon{background:rgb(0, 188, 122);}.ld_button_69f6f08b18ed9.btn-icon-circle.btn-icon-ripple .btn-icon:before{border-color:rgb(0, 188, 122);}.ld_button_69f6f08b18ed9.btn-icon-solid:hover .btn-icon{background:rgb(0, 188, 122);}.ld_button_69f6f08b18ed9{background-color:rgb(0, 188, 122);border-color:rgb(0, 188, 122);color:rgb(255, 255, 255);font-size:16px !important;font-weight:700 !important;letter-spacing:0.05em !important;}.ld_button_69f6f08b18ed9:hover{background-color:rgb(0, 188, 122);border-color:rgb(0, 188, 122);color:rgb(255, 255, 255);}.ld_button_69f6f08b18ed9 .btn-gradient-bg-hover{background:-webkit-linear-gradient(to right, rgb(0, 188, 122) 0%, rgb(0, 188, 122) 100%);background:linear-gradient(to right, rgb(0, 188, 122) 0%, rgb(0, 188, 122) 100%);}.ld_button_69f6f08b18ed9 .btn-gradient-border defs stop:first-child{stop-color:rgb(0, 188, 122);}.ld_button_69f6f08b18ed9 .btn-gradient-border defs stop:last-child{stop-color:rgb(0, 188, 122);}.ld_button_69f6f08b18ed9:hover .btn-gradient-border defs stop:first-child{stop-color:rgb(0, 188, 122);}.ld_button_69f6f08b18ed9:hover .btn-gradient-border defs stop:last-child{stop-color:rgb(0, 188, 122);}<\/style><a href=\"https:\/\/www.digistore24.com\/product\/404212\" class=\"btn btn-solid text-uppercase circle btn-bordered border-thin ld_button_69f6f08b18ed9 vc_custom_1631277871965\">\n\t<span>\n\t\t\n\t\t\t\t\t<span class=\"btn-txt\">Jetzt kreativ werden!<\/span>\n\t\t\t\n\t\t\t\t<\/span>\n<\/a>\n[vc_column_text css=&#8221;.vc_custom_1663611383442{padding-top: 30px !important;padding-bottom: 10px !important;}&#8221;]<\/p>\n<p style=\"text-align: center;\"><span style=\"color: #ffffff;\"><span style=\"caret-color: #ffffff;\">Kein\u00a0Abonnement &amp; keine Folgekosten.<\/span><\/span><\/p>\n<p style=\"text-align: center;\"><span style=\"color: #ffffff;\">Du kannst auf das Abenteuer 1 Jahr zugreifen.<\/span><\/p>\n<p>[\/vc_column_text][\/vc_column][\/vc_row]<\/p>\n<\/div>","protected":false},"excerpt":{"rendered":"<p>[vc_row bg_position=&#8221;center center&#8221; css=&#8221;.vc_custom_1619629074705{background-image: url(https:\/\/fabisdesign-kids.com\/wp-content\/uploads\/2021\/04\/FKA-3d-Banner-breit.jpg?id=2799) !important;}&#8221;][vc_column][vc_empty_space height=&#8221;500px&#8221;][\/vc_column][\/vc_row][vc_row css=&#8221;.vc_custom_1621361001531{padding-top: 40px !important;padding-bottom: 20px !important;background-color: #f82d5b !important;}&#8221; responsive_css=&#8221;padding_top_large:70px|padding_bottom_large:50px&#8221;][vc_column][vc_column_text&#8230;<\/p>\n","protected":false},"author":2,"featured_media":0,"parent":0,"menu_order":0,"comment_status":"closed","ping_status":"closed","template":"","meta":{"footnotes":""},"_links":{"self":[{"href":"https:\/\/fabisdesign-kids.com\/de\/wp-json\/wp\/v2\/pages\/3418"}],"collection":[{"href":"https:\/\/fabisdesign-kids.com\/de\/wp-json\/wp\/v2\/pages"}],"about":[{"href":"https:\/\/fabisdesign-kids.com\/de\/wp-json\/wp\/v2\/types\/page"}],"author":[{"embeddable":true,"href":"https:\/\/fabisdesign-kids.com\/de\/wp-json\/wp\/v2\/users\/2"}],"replies":[{"embeddable":true,"href":"https:\/\/fabisdesign-kids.com\/de\/wp-json\/wp\/v2\/comments?post=3418"}],"version-history":[{"count":10,"href":"https:\/\/fabisdesign-kids.com\/de\/wp-json\/wp\/v2\/pages\/3418\/revisions"}],"predecessor-version":[{"id":3476,"href":"https:\/\/fabisdesign-kids.com\/de\/wp-json\/wp\/v2\/pages\/3418\/revisions\/3476"}],"wp:attachment":[{"href":"https:\/\/fabisdesign-kids.com\/de\/wp-json\/wp\/v2\/media?parent=3418"}],"curies":[{"name":"wp","href":"https:\/\/api.w.org\/{rel}","templated":true}]}}