{"id":3032,"date":"2021-06-01T13:05:35","date_gmt":"2021-06-01T11:05:35","guid":{"rendered":"https:\/\/fabisdesign-kids.com\/?page_id=3032"},"modified":"2024-12-17T21:12:16","modified_gmt":"2024-12-17T20:12:16","slug":"gutschein","status":"publish","type":"page","link":"https:\/\/fabisdesign-kids.com\/de\/gutschein\/","title":{"rendered":"Gutschein Kreativ-Abenteuer"},"content":{"rendered":"<div class=\"wpb-content-wrapper\"><p>[vc_row bg_position=&#8221;center center&#8221; css=&#8221;.vc_custom_1622795761760{background-image: url(https:\/\/fabisdesign-kids.com\/wp-content\/uploads\/2021\/06\/Gutschein-Breit-1.jpg?id=3099) !important;}&#8221;][vc_column][vc_empty_space height=&#8221;500px&#8221;][\/vc_column][\/vc_row][vc_row css=&#8221;.vc_custom_1646911776932{padding-top: 70px !important;padding-bottom: 50px !important;background-color: #ffffff !important;}&#8221; el_id=&#8221;1&#8243;][vc_column][vc_column_text css=&#8221;.vc_custom_1623071525196{padding-bottom: 10px !important;}&#8221;]<\/p>\n<h2 style=\"text-align: center;\"><span style=\"color: #013341;\"><span style=\"caret-color: #ffffff;\">FABI&#8217;s Geschenkgutschein<\/span><\/span><\/h2>\n<p>[\/vc_column_text][vc_separator color=&#8221;custom&#8221; border_width=&#8221;5&#8243; el_width=&#8221;30&#8243; accent_color=&#8221;#013341&#8243;][vc_column_text css=&#8221;.vc_custom_1734082865483{padding-bottom: 10px !important;}&#8221;]<\/p>\n<h4 style=\"text-align: center;\"><span style=\"color: #013341;\"><span style=\"caret-color: #ffffff;\">Kreativ-Abenteuer verschenken<\/span><\/span><\/h4>\n<p>[\/vc_column_text][\/vc_column][\/vc_row][vc_row css=&#8221;.vc_custom_1622797025729{padding-bottom: 20px !important;background-color: #ffffff !important;}&#8221;][vc_column width=&#8221;1\/2&#8243;][vc_column_text css=&#8221;.vc_custom_1734101345424{padding-top: 30px !important;padding-bottom: 30px !important;}&#8221;]<span style=\"color: #013341;\">Du suchst noch nach dem perfekten Geburtstags- oder Weihnachtsgeschenk?<\/span><\/p>\n<p><span style=\"color: #013341;\">Oder m\u00f6chtest du einem kleinen Abenteurer einfach so eine Freude machen? <\/span><\/p>\n<p><span style=\"color: #013341;\">Dann ist mein Geschenkgutschein f\u00fcr Fabi\u2019s Kreativ-Abenteuer genau das Richtige! <\/span><\/p>\n<p><span style=\"color: #013341;\">Auf dem Bestellformular w\u00e4hlst du die <strong>&#8220;Geschenkoption&#8221;<\/strong> und schlie\u00dft den Bestellvorgang ab. Im n\u00e4chsten Schritt tr\u00e4gst du die Email Adresse der zu beschenkenden Person ein.<\/span><\/p>\n<p><span style=\"color: #013341;\"><span class=\"\"><strong>Und mein Geschenk an Dich:<\/strong> den passenden Gutschein zum Geschenk kannst Du ein wenig weiter unten auf dieser Seite downloaden und ausdrucken.<\/span><\/span>[\/vc_column_text][\/vc_column][vc_column width=&#8221;1\/2&#8243;][vc_single_image image=&#8221;3101&#8243; img_size=&#8221;large&#8221; alignment=&#8221;center&#8221;][\/vc_column][\/vc_row][vc_row css=&#8221;.vc_custom_1622797043482{padding-bottom: 50px !important;background-color: #ffffff !important;}&#8221;][vc_column align=&#8221;text-center&#8221;]<style>.ld_button_69edcab8a70bd.btn-icon-solid .btn-icon{background:rgb(0, 188, 122);}.ld_button_69edcab8a70bd.btn-icon-circle.btn-icon-ripple .btn-icon:before{border-color:rgb(0, 188, 122);}.ld_button_69edcab8a70bd.btn-icon-solid:hover .btn-icon{background:rgb(0, 188, 122);}.ld_button_69edcab8a70bd{background-color:rgb(0, 188, 122);border-color:rgb(0, 188, 122);color:rgb(255, 255, 255);font-size:16px !important;font-weight:700 !important;letter-spacing:0.05em !important;}.ld_button_69edcab8a70bd:hover{background-color:rgb(0, 188, 122);border-color:rgb(0, 188, 122);color:rgb(255, 255, 255);}.ld_button_69edcab8a70bd .btn-gradient-bg-hover{background:-webkit-linear-gradient(to right, rgb(0, 188, 122) 0%, rgb(0, 188, 122) 100%);background:linear-gradient(to right, rgb(0, 188, 122) 0%, rgb(0, 188, 122) 100%);}.ld_button_69edcab8a70bd .btn-gradient-border defs stop:first-child{stop-color:rgb(0, 188, 122);}.ld_button_69edcab8a70bd .btn-gradient-border defs stop:last-child{stop-color:rgb(0, 188, 122);}.ld_button_69edcab8a70bd:hover .btn-gradient-border defs stop:first-child{stop-color:rgb(0, 188, 122);}.ld_button_69edcab8a70bd:hover .btn-gradient-border defs stop:last-child{stop-color:rgb(0, 188, 122);}<\/style><a href=\"https:\/\/fabisdesign-kids.com\/de\/kreativ-abenteuer\/\" class=\"btn btn-solid text-uppercase circle btn-bordered border-thin ld_button_69edcab8a70bd vc_custom_1734083473129\">\n\t<span>\n\t\t\n\t\t\t\t\t<span class=\"btn-txt\">Jetzt Abenteuer aussuchen<\/span>\n\t\t\t\n\t\t\t\t<\/span>\n<\/a>\n[\/vc_column][\/vc_row][vc_row css=&#8221;.vc_custom_1734100953374{padding-top: 70px !important;padding-bottom: 10px !important;background-color: #013341 !important;}&#8221;][vc_column][vc_column_text css=&#8221;.vc_custom_1734101127715{padding-bottom: 10px !important;}&#8221;]<\/p>\n<h2 style=\"text-align: center;\"><span style=\"color: #ffffff;\"><strong>Schritt f\u00fcr Schritt zum perfekten Geschenk<\/strong><\/span><\/h2>\n<p>[\/vc_column_text][vc_separator color=&#8221;custom&#8221; border_width=&#8221;5&#8243; el_width=&#8221;30&#8243; accent_color=&#8221;#ffffff&#8221;][\/vc_column][\/vc_row][vc_row css=&#8221;.vc_custom_1734100962806{background-color: #013341 !important;}&#8221;][vc_column width=&#8221;1\/4&#8243;][\/vc_column][vc_column width=&#8221;1\/4&#8243;][vc_column_text]<\/p>\n<h5><span style=\"color: #ffffff;\">1. W\u00e4hle das Kreativ-Abenteuer aus<\/span><\/h5>\n<p>[\/vc_column_text][\/vc_column][vc_column width=&#8221;1\/4&#8243;][vc_single_image image=&#8221;3133&#8243; alignment=&#8221;center&#8221; style=&#8221;vc_box_rounded&#8221; css=&#8221;.vc_custom_1623132854455{padding-top: 30px !important;padding-bottom: 30px !important;}&#8221;][\/vc_column][vc_column width=&#8221;1\/4&#8243;][\/vc_column][\/vc_row][vc_row css=&#8221;.vc_custom_1734100971726{background-color: #013341 !important;}&#8221;][vc_column width=&#8221;1\/4&#8243;][\/vc_column][vc_column width=&#8221;1\/4&#8243;][vc_column_text]<\/p>\n<h5><span style=\"color: #ffffff;\">2. Aktiviere auf dem Bestellformular die &#8220;Geschenkoption&#8221;<\/span><\/h5>\n<p>[\/vc_column_text][\/vc_column][vc_column width=&#8221;1\/4&#8243;][vc_single_image image=&#8221;9015&#8243; alignment=&#8221;center&#8221; style=&#8221;vc_box_rounded&#8221; css=&#8221;.vc_custom_1734100771339{padding-top: 30px !important;padding-bottom: 30px !important;}&#8221;][\/vc_column][vc_column width=&#8221;1\/4&#8243;][\/vc_column][\/vc_row][vc_row css=&#8221;.vc_custom_1734100981002{background-color: #013341 !important;}&#8221;][vc_column width=&#8221;1\/4&#8243;][\/vc_column][vc_column width=&#8221;1\/4&#8243;][vc_column_text]<\/p>\n<h5><span style=\"color: #ffffff;\">3. Schlie\u00dfe den Kaufvorgang ab<\/span><\/h5>\n<p>[\/vc_column_text][\/vc_column][vc_column width=&#8221;1\/4&#8243;][vc_single_image image=&#8221;9017&#8243; alignment=&#8221;center&#8221; style=&#8221;vc_box_rounded&#8221; css=&#8221;.vc_custom_1734100786594{padding-top: 30px !important;padding-bottom: 30px !important;}&#8221;][\/vc_column][vc_column width=&#8221;1\/4&#8243;][\/vc_column][\/vc_row][vc_row css=&#8221;.vc_custom_1734100998753{background-color: #013341 !important;}&#8221;][vc_column width=&#8221;1\/4&#8243;][\/vc_column][vc_column width=&#8221;1\/4&#8243;][vc_column_text]<\/p>\n<h5><span style=\"color: #ffffff;\">4. Trage die Email-Adresse der zu beschenkenden Person ein<\/span><\/h5>\n<p>[\/vc_column_text][\/vc_column][vc_column width=&#8221;1\/4&#8243;][vc_single_image image=&#8221;9019&#8243; alignment=&#8221;center&#8221; style=&#8221;vc_box_rounded&#8221; css=&#8221;.vc_custom_1734100804549{padding-top: 30px !important;padding-bottom: 30px !important;}&#8221;][\/vc_column][vc_column width=&#8221;1\/4&#8243;][\/vc_column][\/vc_row][vc_row css=&#8221;.vc_custom_1734100989665{background-color: #013341 !important;}&#8221;][vc_column width=&#8221;1\/4&#8243;][\/vc_column][vc_column width=&#8221;1\/4&#8243;][vc_column_text]<\/p>\n<h5><span style=\"color: #ffffff;\">5. Drucke dir einen Gutschein aus<\/span><\/h5>\n<p>[\/vc_column_text][\/vc_column][vc_column width=&#8221;1\/4&#8243;][vc_single_image image=&#8221;3148&#8243; alignment=&#8221;center&#8221; style=&#8221;vc_box_rounded&#8221; css=&#8221;.vc_custom_1623132903841{padding-top: 30px !important;padding-bottom: 30px !important;}&#8221;][\/vc_column][vc_column width=&#8221;1\/4&#8243;][\/vc_column][\/vc_row][vc_row css=&#8221;.vc_custom_1734101007955{background-color: #013341 !important;}&#8221;][vc_column width=&#8221;1\/4&#8243;][\/vc_column][vc_column width=&#8221;1\/4&#8243;][vc_column_text]<\/p>\n<h5><span style=\"color: #ffffff;\">6. Ab auf die Party!<\/span><\/h5>\n<p>[\/vc_column_text][\/vc_column][vc_column width=&#8221;1\/4&#8243;][vc_single_image image=&#8221;3143&#8243; alignment=&#8221;center&#8221; style=&#8221;vc_box_rounded&#8221; css=&#8221;.vc_custom_1623132931036{padding-top: 30px !important;padding-bottom: 30px !important;}&#8221;][\/vc_column][vc_column width=&#8221;1\/4&#8243;][\/vc_column][\/vc_row][vc_row css=&#8221;.vc_custom_1622645243744{padding-top: 70px !important;padding-bottom: 10px !important;background-color: #4ab9c5 !important;}&#8221;][vc_column][vc_column_text css=&#8221;.vc_custom_1734103230026{padding-bottom: 10px !important;}&#8221;]<\/p>\n<h2 style=\"text-align: center;\"><span style=\"color: #ffffff;\">Gutscheine zum Ausdrucken<\/span><\/h2>\n<p>[\/vc_column_text][vc_separator color=&#8221;custom&#8221; border_width=&#8221;5&#8243; el_width=&#8221;30&#8243; accent_color=&#8221;#ffffff&#8221;][\/vc_column][\/vc_row][vc_row css=&#8221;.vc_custom_1622657878883{padding-bottom: 50px !important;background-color: #4ab9c5 !important;}&#8221;][vc_column][vc_column_text css=&#8221;.vc_custom_1734097380346{padding-top: 30px !important;}&#8221;]<\/p>\n<p style=\"text-align: center;\"><span style=\"color: #ffffff;\">Suche dir deinen Lieblings-<strong>Geschenkg<\/strong><\/span><strong style=\"color: #ffffff;\">utschein <\/strong><span style=\"color: #ffffff;\">zum Download aus. <\/span><\/p>\n<p style=\"text-align: center;\"><span style=\"color: #ffffff;\">Drucke den Gutschein auf einer DIN A4 Seite aus und personalisiere ihn anschlie\u00dfend handschriftlich mit deinem Namen.<\/span><\/p>\n<p>[\/vc_column_text][vc_column_text css=&#8221;.vc_custom_1734096599333{padding-top: 30px !important;}&#8221;]<\/p>\n<h2 style=\"text-align: center;\"><span style=\"color: #ffffff;\"><span style=\"caret-color: #ffffff;\">&#8220;Rette Herrn Rumpelpumpel&#8221;<\/span><\/span><\/h2>\n<p>[\/vc_column_text][\/vc_column][\/vc_row][vc_row css=&#8221;.vc_custom_1622657857518{padding-bottom: 80px !important;background-color: #4ab9c5 !important;}&#8221;][vc_column width=&#8221;1\/4&#8243;][vc_single_image image=&#8221;8983&#8243; img_size=&#8221;medium&#8221; alignment=&#8221;center&#8221; onclick=&#8221;custom_link&#8221; img_link_target=&#8221;_blank&#8221; enable_opacity=&#8221;yes&#8221; opacity=&#8221;0.7&#8243; link=&#8221;https:\/\/fabisdesign-kids.com\/wp-content\/uploads\/2024\/12\/Gutschein_FABI_FKA1_V9.pdf&#8221;][\/vc_column][vc_column width=&#8221;1\/4&#8243;][vc_single_image image=&#8221;8991&#8243; img_size=&#8221;medium&#8221; alignment=&#8221;center&#8221; onclick=&#8221;custom_link&#8221; img_link_target=&#8221;_blank&#8221; enable_opacity=&#8221;yes&#8221; opacity=&#8221;0.7&#8243; link=&#8221;https:\/\/fabisdesign-kids.com\/wp-content\/uploads\/2024\/12\/Gutschein_FABI_FKA1_V8.pdf&#8221;][\/vc_column][vc_column width=&#8221;1\/4&#8243;][vc_single_image image=&#8221;8993&#8243; img_size=&#8221;medium&#8221; alignment=&#8221;center&#8221; onclick=&#8221;custom_link&#8221; img_link_target=&#8221;_blank&#8221; enable_opacity=&#8221;yes&#8221; opacity=&#8221;0.7&#8243; link=&#8221;https:\/\/fabisdesign-kids.com\/wp-content\/uploads\/2024\/12\/Gutschein_FABI_FKA1_V7.pdf&#8221;][\/vc_column][vc_column width=&#8221;1\/4&#8243;][vc_single_image image=&#8221;9005&#8243; img_size=&#8221;medium&#8221; alignment=&#8221;center&#8221; onclick=&#8221;custom_link&#8221; img_link_target=&#8221;_blank&#8221; enable_opacity=&#8221;yes&#8221; opacity=&#8221;0.7&#8243; link=&#8221;https:\/\/fabisdesign-kids.com\/wp-content\/uploads\/2024\/12\/Gutschein_FABI_FKA1_V2.pdf&#8221;][\/vc_column][\/vc_row][vc_row css=&#8221;.vc_custom_1622657878883{padding-bottom: 50px !important;background-color: #4ab9c5 !important;}&#8221;][vc_column][vc_column_text css=&#8221;.vc_custom_1734096624873{padding-top: 30px !important;}&#8221;]<\/p>\n<h2 style=\"text-align: center;\"><span style=\"color: #ffffff;\"><span style=\"caret-color: #ffffff;\">Gutschein allgemein<\/span><\/span><\/h2>\n<p>[\/vc_column_text][\/vc_column][\/vc_row][vc_row css=&#8221;.vc_custom_1622657857518{padding-bottom: 80px !important;background-color: #4ab9c5 !important;}&#8221;][vc_column width=&#8221;1\/3&#8243;][vc_single_image image=&#8221;8995&#8243; img_size=&#8221;medium&#8221; alignment=&#8221;center&#8221; onclick=&#8221;custom_link&#8221; img_link_target=&#8221;_blank&#8221; enable_opacity=&#8221;yes&#8221; opacity=&#8221;0.7&#8243; link=&#8221;https:\/\/fabisdesign-kids.com\/wp-content\/uploads\/2024\/12\/Gutschein_FABI_V6.pdf&#8221;][\/vc_column][vc_column width=&#8221;1\/3&#8243;][vc_single_image image=&#8221;8999&#8243; img_size=&#8221;medium&#8221; alignment=&#8221;center&#8221; onclick=&#8221;custom_link&#8221; img_link_target=&#8221;_blank&#8221; enable_opacity=&#8221;yes&#8221; opacity=&#8221;0.7&#8243; link=&#8221;https:\/\/fabisdesign-kids.com\/wp-content\/uploads\/2024\/12\/Gutschein_FABI_V4.pdf&#8221;][\/vc_column][vc_column width=&#8221;1\/3&#8243;][vc_single_image image=&#8221;8997&#8243; img_size=&#8221;medium&#8221; alignment=&#8221;center&#8221; onclick=&#8221;custom_link&#8221; img_link_target=&#8221;_blank&#8221; enable_opacity=&#8221;yes&#8221; opacity=&#8221;0.7&#8243; link=&#8221;https:\/\/fabisdesign-kids.com\/wp-content\/uploads\/2024\/12\/Gutschein_FABI_V5.pdf&#8221;][\/vc_column][\/vc_row][vc_row css=&#8221;.vc_custom_1622657878883{padding-bottom: 50px !important;background-color: #4ab9c5 !important;}&#8221;][vc_column][vc_column_text css=&#8221;.vc_custom_1734097109453{padding-top: 30px !important;}&#8221;]<\/p>\n<h2 style=\"text-align: center;\"><span style=\"color: #ffffff;\"><span style=\"caret-color: #ffffff;\">Gutschein &#8220;FABI&#8217;s Kreativclub&#8221;<\/span><\/span><\/h2>\n<p>[\/vc_column_text][\/vc_column][\/vc_row][vc_row css=&#8221;.vc_custom_1622657857518{padding-bottom: 80px !important;background-color: #4ab9c5 !important;}&#8221;][vc_column width=&#8221;1\/2&#8243;][vc_single_image image=&#8221;9001&#8243; img_size=&#8221;medium&#8221; alignment=&#8221;center&#8221; onclick=&#8221;custom_link&#8221; img_link_target=&#8221;_blank&#8221; enable_opacity=&#8221;yes&#8221; opacity=&#8221;0.7&#8243; link=&#8221;https:\/\/fabisdesign-kids.com\/wp-content\/uploads\/2024\/12\/Gutschein_FABI_Club_V3.pdf&#8221;][\/vc_column][vc_column width=&#8221;1\/2&#8243;][vc_single_image image=&#8221;9003&#8243; img_size=&#8221;medium&#8221; alignment=&#8221;center&#8221; onclick=&#8221;custom_link&#8221; img_link_target=&#8221;_blank&#8221; enable_opacity=&#8221;yes&#8221; opacity=&#8221;0.7&#8243; link=&#8221;https:\/\/fabisdesign-kids.com\/wp-content\/uploads\/2024\/12\/Gutschein_FABI_Club_V1.pdf&#8221;][\/vc_column][\/vc_row][vc_row css=&#8221;.vc_custom_1622657878883{padding-bottom: 50px !important;background-color: #4ab9c5 !important;}&#8221;][vc_column][vc_column_text css=&#8221;.vc_custom_1734466286018{padding-top: 30px !important;}&#8221;]<\/p>\n<h2 style=\"text-align: center;\"><span style=\"color: #ffffff;\"><span style=\"caret-color: #ffffff;\">Gutschein &#8220;FABI&#8217;s Abenteuer Paket&#8221;<\/span><\/span><\/h2>\n<p>[\/vc_column_text][\/vc_column][\/vc_row][vc_row css=&#8221;.vc_custom_1622657857518{padding-bottom: 80px !important;background-color: #4ab9c5 !important;}&#8221;][vc_column][vc_single_image image=&#8221;9042&#8243; img_size=&#8221;medium&#8221; alignment=&#8221;center&#8221; onclick=&#8221;custom_link&#8221; img_link_target=&#8221;_blank&#8221; enable_opacity=&#8221;yes&#8221; opacity=&#8221;0.7&#8243; link=&#8221;https:\/\/fabisdesign-kids.com\/wp-content\/uploads\/2024\/12\/Gutschein_FABI_FKA1_V10.pdf&#8221;][\/vc_column][\/vc_row][vc_row css=&#8221;.vc_custom_1637835313336{padding-top: 30px !important;padding-bottom: 50px !important;background-color: #f82d5b !important;}&#8221;][vc_column width=&#8221;1\/2&#8243; align=&#8221;text-center&#8221; css=&#8221;.vc_custom_1618302874960{border-radius: 3px !important;}&#8221;][vc_single_image image=&#8221;2414&#8243; img_size=&#8221;medium&#8221; alignment=&#8221;center&#8221;][\/vc_column][vc_column width=&#8221;1\/2&#8243;][vc_column_text css=&#8221;.vc_custom_1734101404256{padding-bottom: 10px !important;}&#8221;]<\/p>\n<p style=\"text-align: center;\"><span style=\"color: #ffffff;\">Verschenke zum Beispiel<\/span><\/p>\n<p style=\"text-align: center;\"><strong><span style=\"color: #ffffff;\">&#8220;Rette Herrn Rumpelpumpel&#8221;<\/span><\/strong><\/p>\n<p style=\"text-align: center;\"><strong><span style=\"color: #ffffff;\">f\u00fcr nur 14,90\u20ac<\/span><\/strong><\/p>\n<p>[\/vc_column_text][\/vc_column][\/vc_row][vc_row css=&#8221;.vc_custom_1637835323057{padding-bottom: 90px !important;background-color: #f82d5b !important;}&#8221;][vc_column align=&#8221;text-center&#8221;]<style>.ld_button_69edcab8a72b5.btn-icon-solid .btn-icon{background:rgb(0, 188, 122);}.ld_button_69edcab8a72b5.btn-icon-circle.btn-icon-ripple .btn-icon:before{border-color:rgb(0, 188, 122);}.ld_button_69edcab8a72b5.btn-icon-solid:hover .btn-icon{background:rgb(0, 188, 122);}.ld_button_69edcab8a72b5{background-color:rgb(0, 188, 122);border-color:rgb(0, 188, 122);color:rgb(255, 255, 255);font-size:16px !important;font-weight:700 !important;letter-spacing:0.05em !important;}.ld_button_69edcab8a72b5:hover{background-color:rgb(0, 188, 122);border-color:rgb(0, 188, 122);color:rgb(255, 255, 255);}.ld_button_69edcab8a72b5 .btn-gradient-bg-hover{background:-webkit-linear-gradient(to right, rgb(0, 188, 122) 0%, rgb(0, 188, 122) 100%);background:linear-gradient(to right, rgb(0, 188, 122) 0%, rgb(0, 188, 122) 100%);}.ld_button_69edcab8a72b5 .btn-gradient-border defs stop:first-child{stop-color:rgb(0, 188, 122);}.ld_button_69edcab8a72b5 .btn-gradient-border defs stop:last-child{stop-color:rgb(0, 188, 122);}.ld_button_69edcab8a72b5:hover .btn-gradient-border defs stop:first-child{stop-color:rgb(0, 188, 122);}.ld_button_69edcab8a72b5:hover .btn-gradient-border defs stop:last-child{stop-color:rgb(0, 188, 122);}<\/style><a href=\"https:\/\/fabisdesign-kids.com\/de\/kreativ-abenteuer\/\" class=\"btn btn-solid text-uppercase circle btn-bordered border-thin ld_button_69edcab8a72b5 vc_custom_1734083458376\">\n\t<span>\n\t\t\n\t\t\t\t\t<span class=\"btn-txt\">Jetzt Abenteuer ausw\u00e4hlen<\/span>\n\t\t\t\n\t\t\t\t<\/span>\n<\/a>\n[\/vc_column][\/vc_row][vc_row][vc_column][vc_column_text]<\/p>\n<p>[\/vc_column_text][\/vc_column][\/vc_row]<\/p>\n<\/div>","protected":false},"excerpt":{"rendered":"<p>[vc_row bg_position=&#8221;center center&#8221; css=&#8221;.vc_custom_1622795761760{background-image: url(https:\/\/fabisdesign-kids.com\/wp-content\/uploads\/2021\/06\/Gutschein-Breit-1.jpg?id=3099) !important;}&#8221;][vc_column][vc_empty_space height=&#8221;500px&#8221;][\/vc_column][\/vc_row][vc_row css=&#8221;.vc_custom_1646911776932{padding-top: 70px !important;padding-bottom: 50px !important;background-color: #ffffff !important;}&#8221; el_id=&#8221;1&#8243;][vc_column][vc_column_text&#8230;<\/p>\n","protected":false},"author":2,"featured_media":0,"parent":0,"menu_order":0,"comment_status":"closed","ping_status":"closed","template":"","meta":{"footnotes":""},"_links":{"self":[{"href":"https:\/\/fabisdesign-kids.com\/de\/wp-json\/wp\/v2\/pages\/3032"}],"collection":[{"href":"https:\/\/fabisdesign-kids.com\/de\/wp-json\/wp\/v2\/pages"}],"about":[{"href":"https:\/\/fabisdesign-kids.com\/de\/wp-json\/wp\/v2\/types\/page"}],"author":[{"embeddable":true,"href":"https:\/\/fabisdesign-kids.com\/de\/wp-json\/wp\/v2\/users\/2"}],"replies":[{"embeddable":true,"href":"https:\/\/fabisdesign-kids.com\/de\/wp-json\/wp\/v2\/comments?post=3032"}],"version-history":[{"count":9,"href":"https:\/\/fabisdesign-kids.com\/de\/wp-json\/wp\/v2\/pages\/3032\/revisions"}],"predecessor-version":[{"id":9044,"href":"https:\/\/fabisdesign-kids.com\/de\/wp-json\/wp\/v2\/pages\/3032\/revisions\/9044"}],"wp:attachment":[{"href":"https:\/\/fabisdesign-kids.com\/de\/wp-json\/wp\/v2\/media?parent=3032"}],"curies":[{"name":"wp","href":"https:\/\/api.w.org\/{rel}","templated":true}]}}