{"id":2831,"date":"2021-05-01T08:03:01","date_gmt":"2021-05-01T06:03:01","guid":{"rendered":"https:\/\/fabisdesign-kids.com\/?page_id=2831"},"modified":"2022-09-27T10:45:26","modified_gmt":"2022-09-27T08:45:26","slug":"fka-2","status":"publish","type":"page","link":"https:\/\/fabisdesign-kids.com\/de\/fka-2\/","title":{"rendered":"FKA2"},"content":{"rendered":"<div class=\"wpb-content-wrapper\"><p>[vc_row bg_position=&#8221;center center&#8221; css=&#8221;.vc_custom_1619629074705{background-image: url(https:\/\/fabisdesign-kids.com\/wp-content\/uploads\/2021\/04\/FKA-3d-Banner-breit.jpg?id=2799) !important;}&#8221;][vc_column][vc_empty_space height=&#8221;500px&#8221;][\/vc_column][\/vc_row][vc_row css=&#8221;.vc_custom_1621361001531{padding-top: 40px !important;padding-bottom: 20px !important;background-color: #f82d5b !important;}&#8221; responsive_css=&#8221;padding_top_large:70px|padding_bottom_large:50px&#8221;][vc_column][vc_column_text css=&#8221;.vc_custom_1631274119723{padding-bottom: 10px !important;}&#8221;]<\/p>\n<h2 style=\"text-align: center;\"><span style=\"color: #ffffff;\"><strong><span style=\"font-size: 46px;\">Mein zweites Kreativ-Abenteuer:<\/span><\/strong><\/span><\/h2>\n<p>[\/vc_column_text][vc_single_image image=&#8221;2816&#8243; img_size=&#8221;medium&#8221; alignment=&#8221;center&#8221;][vc_column_text css=&#8221;.vc_custom_1631274134325{padding-bottom: 10px !important;}&#8221;]<\/p>\n<h2 style=\"text-align: center;\"><span style=\"color: #ffffff;\"><strong><span style=\"font-size: 46px;\">Die H\u00f6hlen-Expedition<\/span><\/strong><\/span><\/h2>\n<p>[\/vc_column_text][vc_separator color=&#8221;custom&#8221; border_width=&#8221;5&#8243; el_width=&#8221;30&#8243; accent_color=&#8221;#ffffff&#8221;][\/vc_column][\/vc_row][vc_row css=&#8221;.vc_custom_1621361001531{padding-top: 40px !important;padding-bottom: 20px !important;background-color: #f82d5b !important;}&#8221; responsive_css=&#8221;padding_top_large:70px|padding_bottom_large:50px&#8221;][vc_column][vc_row_inner css=&#8221;.vc_custom_1617781492491{margin-right: 0px !important;margin-left: 0px !important;}&#8221; responsive_css=&#8221;margin_right_large:80px|margin_left_large:80px&#8221;][vc_column_inner width=&#8221;2\/3&#8243;][vc_column_text]<\/p>\n<div style=\"text-align: left;\">\n<h3><strong><span style=\"color: #ffffff; font-size: 18px;\">Entdeckung der H\u00f6hle (Modul 1)<\/span><\/strong><\/h3>\n<div><span style=\"font-weight: 400; color: #ffffff;\">Wir haben eine H\u00f6hle entdeckt! Ganz in der N\u00e4he unseres Abenteuer-Camps befindet sich ein geheimnisvoller H\u00f6hleneingang. Wie es wohl drinnen aussieht? Um das herauszufinden, holen wir uns Unterst\u00fctzung von einem Expertenteam.<\/span><\/div>\n<\/div>\n<p>[\/vc_column_text][vc_empty_space][vc_column_text]<\/p>\n<div style=\"text-align: left;\"><\/div>\n<div>\n<h3><strong><span style=\"color: #ffffff; font-size: 18px;\">Rucksack packen (Modul 2)<\/span><\/strong><\/h3>\n<div><span style=\"color: #ffffff;\">Was brauchen wir wohl f\u00fcr unsere H\u00f6hlenexpedition? Eine gute Vorbereitung ist ja bekanntlich der halbe Erfolg!<\/span><br \/>\n<span style=\"color: #ffffff;\">Jetzt ist K\u00f6pfchen gefragt: wir zeichnen verschiedene Rucks\u00e4cke und \u00fcberlegen, was wir alles f\u00fcr die Erforschung der H\u00f6hle brauchen.<\/span><\/div>\n<\/div>\n<p>[\/vc_column_text][vc_empty_space][vc_column_text]<\/p>\n<div style=\"text-align: left;\"><\/div>\n<div>\n<h3><span style=\"color: #ffffff; font-size: 18px;\"><b>Geheimnisvoller Fund (Modul 3)<\/b><\/span><\/h3>\n<div><span style=\"color: #ffffff;\">Jetzt kann das Abenteuer losgehen! Gemeinsam mit den H\u00f6hlenforschern machen wir uns auf den Weg und erkunden die H\u00f6hle. Innen angekommen, machen wir einen geheimnisvollen Fund, um den wir uns k\u00fcmmern m\u00fcssen. <\/span><br \/>\n<span style=\"color: #ffffff;\">Wir stehen wieder einmal vor einer Herausforderung! Aber das ist kein Problem f\u00fcr uns, mittlerweile sind wir ja echte Profis darin kreative L\u00f6sungen und Ideen zu finden!<\/span><\/div>\n<\/div>\n<p>[\/vc_column_text][\/vc_column_inner][vc_column_inner width=&#8221;1\/3&#8243;][vc_single_image image=&#8221;2468&#8243; img_size=&#8221;large&#8221; alignment=&#8221;center&#8221;][\/vc_column_inner][\/vc_row_inner][\/vc_column][\/vc_row][vc_row css=&#8221;.vc_custom_1621361012052{padding-bottom: 50px !important;background-color: #f82d5b !important;}&#8221;][vc_column align=&#8221;text-center&#8221; css=&#8221;.vc_custom_1618302874960{border-radius: 3px !important;}&#8221;][vc_column_text css=&#8221;.vc_custom_1640510284870{padding-bottom: 50px !important;}&#8221;]<\/p>\n<h4 style=\"text-align: center;\"><span style=\"color: #ffffff;\"><span style=\"caret-color: #ffffff;\">11 Videos mit mehr als 54min Gesamtspielzeit<\/span><\/span><\/h4>\n<p>[\/vc_column_text][vc_column_text css=&#8221;.vc_custom_1664268282450{padding-bottom: 10px !important;}&#8221;]<\/p>\n<h2 style=\"text-align: center;\"><span style=\"color: #ffffff;\"><strong>f\u00fcr nur 27\u20ac<\/strong><\/span><\/h2>\n<p>[\/vc_column_text][\/vc_column][\/vc_row][vc_row css=&#8221;.vc_custom_1621361036957{padding-bottom: 80px !important;background-color: #f82d5b !important;}&#8221;][vc_column align=&#8221;text-center&#8221;]<style>.ld_button_69f6f11b86add.btn-icon-solid .btn-icon{background:rgb(0, 188, 122);}.ld_button_69f6f11b86add.btn-icon-circle.btn-icon-ripple .btn-icon:before{border-color:rgb(0, 188, 122);}.ld_button_69f6f11b86add.btn-icon-solid:hover .btn-icon{background:rgb(0, 188, 122);}.ld_button_69f6f11b86add{background-color:rgb(0, 188, 122);border-color:rgb(0, 188, 122);color:rgb(255, 255, 255);font-size:16px !important;font-weight:700 !important;letter-spacing:0.05em !important;}.ld_button_69f6f11b86add:hover{background-color:rgb(0, 188, 122);border-color:rgb(0, 188, 122);color:rgb(255, 255, 255);}.ld_button_69f6f11b86add .btn-gradient-bg-hover{background:-webkit-linear-gradient(to right, rgb(0, 188, 122) 0%, rgb(0, 188, 122) 100%);background:linear-gradient(to right, rgb(0, 188, 122) 0%, rgb(0, 188, 122) 100%);}.ld_button_69f6f11b86add .btn-gradient-border defs stop:first-child{stop-color:rgb(0, 188, 122);}.ld_button_69f6f11b86add .btn-gradient-border defs stop:last-child{stop-color:rgb(0, 188, 122);}.ld_button_69f6f11b86add:hover .btn-gradient-border defs stop:first-child{stop-color:rgb(0, 188, 122);}.ld_button_69f6f11b86add:hover .btn-gradient-border defs stop:last-child{stop-color:rgb(0, 188, 122);}<\/style><a href=\"https:\/\/www.digistore24.com\/product\/385561\" class=\"btn btn-solid text-uppercase circle btn-bordered border-thin ld_button_69f6f11b86add vc_custom_1640495477632\">\n\t<span>\n\t\t\n\t\t\t\t\t<span class=\"btn-txt\">Jetzt kreativ werden!<\/span>\n\t\t\t\n\t\t\t\t<\/span>\n<\/a>\n[vc_column_text css=&#8221;.vc_custom_1663611209562{padding-top: 30px !important;padding-bottom: 10px !important;}&#8221;]<\/p>\n<p style=\"text-align: center;\"><span style=\"color: #ffffff;\"><span style=\"caret-color: #ffffff;\">Kein\u00a0Abonnement &amp; keine Folgekosten.<\/span><\/span><\/p>\n<p style=\"text-align: center;\"><span style=\"color: #ffffff;\">Du kannst auf das Abenteuer 1 Jahr zugreifen.<\/span><\/p>\n<p>[\/vc_column_text][\/vc_column][\/vc_row]<\/p>\n<\/div>","protected":false},"excerpt":{"rendered":"<p>[vc_row bg_position=&#8221;center center&#8221; css=&#8221;.vc_custom_1619629074705{background-image: url(https:\/\/fabisdesign-kids.com\/wp-content\/uploads\/2021\/04\/FKA-3d-Banner-breit.jpg?id=2799) !important;}&#8221;][vc_column][vc_empty_space height=&#8221;500px&#8221;][\/vc_column][\/vc_row][vc_row css=&#8221;.vc_custom_1621361001531{padding-top: 40px !important;padding-bottom: 20px !important;background-color: #f82d5b !important;}&#8221; responsive_css=&#8221;padding_top_large:70px|padding_bottom_large:50px&#8221;][vc_column][vc_column_text&#8230;<\/p>\n","protected":false},"author":2,"featured_media":0,"parent":0,"menu_order":0,"comment_status":"closed","ping_status":"closed","template":"","meta":{"footnotes":""},"_links":{"self":[{"href":"https:\/\/fabisdesign-kids.com\/de\/wp-json\/wp\/v2\/pages\/2831"}],"collection":[{"href":"https:\/\/fabisdesign-kids.com\/de\/wp-json\/wp\/v2\/pages"}],"about":[{"href":"https:\/\/fabisdesign-kids.com\/de\/wp-json\/wp\/v2\/types\/page"}],"author":[{"embeddable":true,"href":"https:\/\/fabisdesign-kids.com\/de\/wp-json\/wp\/v2\/users\/2"}],"replies":[{"embeddable":true,"href":"https:\/\/fabisdesign-kids.com\/de\/wp-json\/wp\/v2\/comments?post=2831"}],"version-history":[{"count":10,"href":"https:\/\/fabisdesign-kids.com\/de\/wp-json\/wp\/v2\/pages\/2831\/revisions"}],"predecessor-version":[{"id":5800,"href":"https:\/\/fabisdesign-kids.com\/de\/wp-json\/wp\/v2\/pages\/2831\/revisions\/5800"}],"wp:attachment":[{"href":"https:\/\/fabisdesign-kids.com\/de\/wp-json\/wp\/v2\/media?parent=2831"}],"curies":[{"name":"wp","href":"https:\/\/api.w.org\/{rel}","templated":true}]}}