{"id":1227,"date":"2020-11-13T10:56:27","date_gmt":"2020-11-13T09:56:27","guid":{"rendered":"https:\/\/fabisdesign-kids.com\/?page_id=1227"},"modified":"2021-12-26T20:35:52","modified_gmt":"2021-12-26T19:35:52","slug":"widerrufsbelehrung","status":"publish","type":"page","link":"https:\/\/fabisdesign-kids.com\/de\/widerrufsbelehrung\/","title":{"rendered":"Widerrufsbelehrung"},"content":{"rendered":"<div class=\"wpb-content-wrapper\"><p>[vc_row][vc_column][vc_empty_space height=&#8221;60px&#8221;][vc_column_text]<\/p>\n<h3>Widerrufsbelehrung<\/h3>\n<h3>Digistore24<\/h3>\n<p>Einige unserer Produkte, Dienstleistungen und Inhalte werden von Digistore24 als Reseller angeboten. Anbieter und Vertragspartner ist die Digistore24 GmbH, St.-Godehard-Stra\u00dfe 32 in 31139 Hildesheim. Welche Daten Digistore24 bei diesem Website-Aufruf speichert und verarbeitet, legt die Digistore24 GmbH als Verantwortlicher in der eigenen Datenschutzerkl\u00e4rung dar. Weitere Informationen erhalten Sie in der Datenschutzerkl\u00e4rung von Digistore24: <a href=\"https:\/\/www.digistore24.com\/dataschutz\">https:\/\/www.digistore24.com\/dataschutz<\/a>.<\/p>\n<p><b>Promo-Links\/Content-Links<\/b><\/p>\n<p>Auf dieser Webseite verwenden wir verschiedene Links auf Angebote von Digistore24. Der Zweck der Links ist, Sie auf f\u00fcr Sie interessante Produkte aufmerksam zu machen.<\/p>\n<p>Bei einigen dieser Links handelt es sich um Links auf die Dom\u00e4ne digistore24.com der Firma Digistore24 GmbH.<\/p>\n<p>Wenn Sie auf einen der Links klicken, rufen Sie damit eine Webseite auf dem Server von Digistore24 auf.<\/p>\n<p>Unser Server \u00fcbermittelt in diesem Zuge keine Daten an Digistore24, sondern die Daten werden \u2013 wie bei jedem Webseiten-Aufruf \u2013 von Ihrem Webbrowser an Digistore24 \u00fcbertragen. Wir habe keinen Einfluss darauf, in welchem Umfang Ihr Webbrowser Daten an Digistore24 \u00fcbertr\u00e4gt.<\/p>\n<p>Bitte nehmen Sie weitere Informationen zum Umfang von Digistore24 mit Daten aus Website-Aufrufen der Datenschutzerkl\u00e4rung von Digistore24: <a href=\"https:\/\/www.digistore24.com\/dataschutz\">https:\/\/www.digistore24.com\/dataschutz<\/a><\/p>\n<p><b>Widerrufsrecht<\/b><\/p>\n<p>Sie haben das Recht, binnen drei\u00dfig Tagen ohne Angabe von Gr\u00fcnden diesen Vertrag zu widerrufen.<br \/>\nDie Widerrufsfrist betr\u00e4gt drei\u00dfig Tage, ab dem Tag des Vertragsabschlusses.<\/p>\n<p>Um Ihr Widerrufsrecht auszu\u00fcben, m\u00fcssen Sie uns<\/p>\n<div style=\"margin-left: 20px; margin-top: 5px; margin-bottom: 5px;\">FABISDESIGN kids<br \/>\nFabian Kreis<br \/>\nHeeggraben 14<br \/>\nD-35440 Linden<br \/>\nE-Mail hallo@fabisdesign-kids.com<\/div>\n<p>mittels einer eindeutigen Erkl\u00e4rung (z.B. ein mit der Post versandter Brief, Telefax oder E-Mail) \u00fcber Ihren Entschluss, diesen Vertrag zu widerrufen, informieren. Sie k\u00f6nnen daf\u00fcr das beigef\u00fcgte Muster-Widerrufsformular verwenden, das jedoch nicht vorgeschrieben ist.<\/p>\n<p>Zur Wahrung der Widerrufsfrist reicht es aus, dass Sie die Mitteilung \u00fcber die Aus\u00fcbung des Widerrufsrechts vor Ablauf der Widerrufsfrist absenden.<\/p>\n<p><b>Widerrufsfolgen<\/b><\/p>\n<p>Wenn Sie diesen Vertrag widerrufen, haben wir Ihnen alle Zahlungen, die wir von Ihnen erhalten haben, einschlie\u00dflich der Lieferkosten (mit Ausnahme der zus\u00e4tzlichen Kosten, die sich daraus ergeben, dass Sie eine andere Art der Lieferung als die von uns angebotene, g\u00fcnstigste Standardlieferung gew\u00e4hlt haben), unverz\u00fcglich und sp\u00e4testens binnen drei\u00dfig Tagen ab dem Tag zur\u00fcckzuzahlen, an dem die Mitteilung \u00fcber Ihren Widerruf dieses Vertrags bei uns eingegangen ist. F\u00fcr diese R\u00fcckzahlung verwenden wir dasselbe Zahlungsmittel, das Sie bei der urspr\u00fcnglichen Transaktion eingesetzt haben, es sei denn, mit Ihnen wurde ausdr\u00fccklich etwas anderes vereinbart; in keinem Fall werden Ihnen wegen dieser R\u00fcckzahlung Entgelte berechnet.<\/p>\n<p>Haben Sie verlangt, dass die Dienstleistungen w\u00e4hrend der Widerrufsfrist beginnen soll, so haben Sie uns einen angemessenen Betrag zu zahlen, der dem Anteil der bis zu dem Zeitpunkt, zu dem Sie uns von der Aus\u00fcbung des Widerrufsrechts hinsichtlich dieses Vertrags unterrichten, bereits erbrachten Dienstleistungen im Vergleich zum Gesamtumfang der im Vertrag vorgesehenen Dienstleistungen entspricht.<\/p>\n<p><b>Ende der Widerrufsbelehrung<\/b><\/p>\n<p>****************************************************************************************************<\/p>\n<p style=\"font-weight: bold; padding-bottom: 10px;\">\u00a77 Widerrufsformular<\/p>\n<p style=\"text-align: center; font-weight: bold;\">Muster-Widerrufsformular<\/p>\n<p>(Wenn Sie den Vertrag widerrufen wollen, dann f\u00fcllen Sie bitte dieses Formular aus und senden Sie es zur\u00fcck.)<\/p>\n<div style=\"border: 1px solid #000000; padding: 10px;\">\n<p>An :<br \/>\nFABISDESIGN kids<br \/>\nFabian Kreis<br \/>\nHeeggraben 14<br \/>\nD-35440 Linden<br \/>\nE-Mail hallo@fabisdesign-kids.com<\/p>\n<p>Hiermit widerrufe(n) ich\/wir (*) den von mir\/uns (*) abgeschlossenen Vertrag \u00fcber den Kauf der folgenden Waren (*)\/die Erbringung der folgenden Dienstleistung (*)<\/p>\n<p>_____________________________________________________<\/p>\n<p>Bestellt am (*)\/erhalten am (*)<\/p>\n<p>__________________<\/p>\n<p>Name des\/der Verbraucher(s)<\/p>\n<p>_____________________________________________________<\/p>\n<p>Anschrift des\/der Verbraucher(s)<\/p>\n<p>_____________________________________________________<\/p>\n<p>Unterschrift des\/der Verbraucher(s) (nur bei Mitteilung auf Papier)<\/p>\n<p>__________________<\/p>\n<p>Datum<\/p>\n<p>__________________<\/p>\n<\/div>\n<p>(*) Unzutreffendes streichen.<\/p>\n<p style=\"font-weight: bold; padding-bottom: 10px;\">\u00a78 Gew\u00e4hrleistung<\/p>\n<p>Es gelten die gesetzlichen Gew\u00e4hrleistungsregelungen.<\/p>\n<p style=\"font-weight: bold; padding-bottom: 10px;\">\u00a79 Vertragssprache<\/p>\n<p>Als Vertragssprache steht ausschlie\u00dflich Deutsch zur Verf\u00fcgung.<\/p>\n<p>&nbsp;<\/p>\n<p>Stand der AGB April.2021<\/p>\n<p><i><a href=\"http:\/\/www.agb.de\">Gratis AGB<\/a> erstellt von agb.de<\/i>[\/vc_column_text][\/vc_column][\/vc_row]<\/p>\n<\/div>","protected":false},"excerpt":{"rendered":"<p>[vc_row][vc_column][vc_empty_space height=&#8221;60px&#8221;][vc_column_text] Widerrufsbelehrung Digistore24 Einige unserer Produkte, Dienstleistungen und Inhalte werden von Digistore24 als Reseller&#8230;<\/p>\n","protected":false},"author":2,"featured_media":0,"parent":0,"menu_order":0,"comment_status":"closed","ping_status":"open","template":"","meta":{"footnotes":""},"_links":{"self":[{"href":"https:\/\/fabisdesign-kids.com\/de\/wp-json\/wp\/v2\/pages\/1227"}],"collection":[{"href":"https:\/\/fabisdesign-kids.com\/de\/wp-json\/wp\/v2\/pages"}],"about":[{"href":"https:\/\/fabisdesign-kids.com\/de\/wp-json\/wp\/v2\/types\/page"}],"author":[{"embeddable":true,"href":"https:\/\/fabisdesign-kids.com\/de\/wp-json\/wp\/v2\/users\/2"}],"replies":[{"embeddable":true,"href":"https:\/\/fabisdesign-kids.com\/de\/wp-json\/wp\/v2\/comments?post=1227"}],"version-history":[{"count":6,"href":"https:\/\/fabisdesign-kids.com\/de\/wp-json\/wp\/v2\/pages\/1227\/revisions"}],"predecessor-version":[{"id":3950,"href":"https:\/\/fabisdesign-kids.com\/de\/wp-json\/wp\/v2\/pages\/1227\/revisions\/3950"}],"wp:attachment":[{"href":"https:\/\/fabisdesign-kids.com\/de\/wp-json\/wp\/v2\/media?parent=1227"}],"curies":[{"name":"wp","href":"https:\/\/api.w.org\/{rel}","templated":true}]}}