{"id":1176,"date":"2020-11-13T10:08:04","date_gmt":"2020-11-13T09:08:04","guid":{"rendered":"https:\/\/fabisdesign-kids.com\/?page_id=1176"},"modified":"2020-11-13T10:08:04","modified_gmt":"2020-11-13T09:08:04","slug":"impressum","status":"publish","type":"page","link":"https:\/\/fabisdesign-kids.com\/de\/impressum\/","title":{"rendered":"Impressum"},"content":{"rendered":"<div class=\"wpb-content-wrapper\"><p>[vc_row][vc_column][vc_empty_space height=&#8221;60px&#8221;][vc_column_text]<\/p>\n<h1>Impressum<\/h1>\n<p>FABISDESIGN-Kids<br \/>\nHeeggraben 14<br \/>\n35440 Linden<\/p>\n<p>Telefon: 0176 23950889<br \/>\nE-Mail: hallo@fabisdesign-kids.com<\/p>\n<p>Vertreten durch Fabian Kreis<\/p>\n<p>&nbsp;<\/p>\n<h3>Hinweis:<\/h3>\n<p>auf EU-Streitschlichtung und Streitbeilegungsverfahren<\/p>\n<p>Zur au\u00dfergerichtlichen Beilegung von verbraucherrechtlichen Streitigkeiten hat die Europ\u00e4ische Union eine Online-Plattform (\u201cOS-Plattform\u201d) eingerichtet, an die Sie sich wenden k\u00f6nnen. Die Plattform finden Sie unter http:\/\/ec.europa.eu\/consumers\/odr\/. Unsere E-Mailadresse lautet: aloha@schoenwetterfront.de<\/p>\n<p>Wir nehmen nicht an einem Streitbeilegungsverfahren vor einer Verbraucherschlichtungsstelle teil. Das Gesetzes \u00fcber die alternative Streitbeilegung in Verbrauchersachen fordert aber, dass wir Sie trotzdem auf eine f\u00fcr Sie zust\u00e4ndige Verbraucherschlichtungsstelle hinweisen: Allgemeine Verbraucherschlichtungsstelle des Zentrums f\u00fcr Schlichtung e. V., Stra\u00dfburger Str. 8, 77694 Kehl (Internet: www.verbraucher-schlichter.de).<\/p>\n<p>&nbsp;<\/p>\n<h3>Disclaimer \u2013 rechtliche Hinweise<\/h3>\n<p>\u00a7 1 Warnhinweis zu Inhalten<br \/>\nDie kostenlosen und frei zug\u00e4nglichen Inhalte dieser Webseite wurden mit gr\u00f6\u00dftm\u00f6glicher Sorgfalt erstellt. Der Anbieter dieser Webseite \u00fcbernimmt jedoch keine Gew\u00e4hr f\u00fcr die Richtigkeit und Aktualit\u00e4t der bereitgestellten kostenlosen und frei zug\u00e4nglichen journalistischen Ratgeber und Nachrichten. Namentlich gekennzeichnete Beitr\u00e4ge geben die Meinung des jeweiligen Autors und nicht immer die Meinung des Anbieters wieder. Allein durch den Aufruf der kostenlosen und frei zug\u00e4nglichen Inhalte kommt keinerlei Vertragsverh\u00e4ltnis zwischen dem Nutzer und dem Anbieter zustande, insoweit fehlt es am Rechtsbindungswillen des Anbieters.<\/p>\n<p>\u00a7 2 Externe Links<br \/>\nDiese Website enth\u00e4lt Verkn\u00fcpfungen zu Websites Dritter (\u201eexterne Links\u201c). Diese Websites unterliegen der Haftung der jeweiligen Betreiber. Der Anbieter hat bei der erstmaligen Verkn\u00fcpfung der externen Links die fremden Inhalte daraufhin \u00fcberpr\u00fcft, ob etwaige Rechtsverst\u00f6\u00dfe bestehen. Zu dem Zeitpunkt waren keine Rechtsverst\u00f6\u00dfe ersichtlich. Der Anbieter hat keinerlei Einfluss auf die aktuelle und zuk\u00fcnftige Gestaltung und auf die Inhalte der verkn\u00fcpften Seiten. Das Setzen von externen Links bedeutet nicht, dass sich der Anbieter die hinter dem Verweis oder Link liegenden Inhalte zu Eigen macht. Eine st\u00e4ndige Kontrolle der externen Links ist f\u00fcr den Anbieter ohne konkrete Hinweise auf Rechtsverst\u00f6\u00dfe nicht zumutbar. Bei Kenntnis von Rechtsverst\u00f6\u00dfen werden jedoch derartige externe Links unverz\u00fcglich gel\u00f6scht.<\/p>\n<p>\u00a7 3 Urheber- und Leistungsschutzrechte<br \/>\nDie auf dieser Website ver\u00f6ffentlichten Inhalte unterliegen dem deutschen Urheber- und Leistungsschutzrecht. Jede vom deutschen Urheber- und Leistungsschutzrecht nicht zugelassene Verwertung bedarf der vorherigen schriftlichen Zustimmung des Anbieters oder jeweiligen Rechteinhabers. Dies gilt insbesondere f\u00fcr Vervielf\u00e4ltigung, Bearbeitung, \u00dcbersetzung, Einspeicherung, Verarbeitung bzw. Wiedergabe von Inhalten in Datenbanken oder anderen elektronischen Medien und Systemen. Inhalte und Rechte Dritter sind dabei als solche gekennzeichnet. Die unerlaubte Vervielf\u00e4ltigung oder Weitergabe einzelner Inhalte oder kompletter Seiten ist nicht gestattet und strafbar. Lediglich die Herstellung von Kopien und Downloads f\u00fcr den pers\u00f6nlichen, privaten und nicht kommerziellen Gebrauch ist erlaubt. Die Darstellung dieser Website in fremden Frames ist nur mit schriftlicher Erlaubnis zul\u00e4ssig.<\/p>\n<p>\u00a7 4 Besondere Nutzungsbedingungen<br \/>\nSoweit besondere Bedingungen f\u00fcr einzelne Nutzungen dieser Website von den vorgenannten Paragraphen abweichen, wird an entsprechender Stelle ausdr\u00fccklich darauf hingewiesen. In diesem Falle gelten im jeweiligen Einzelfall die besonderen Nutzungsbedingungen.<\/p>\n<p>Alternative Streitbeilegung gem\u00e4\u00df Art. 14 Abs. 1 ODR-VO und \u00a7 36 VSBG:<\/p>\n<p>Die Europ\u00e4ische Kommission stellt eine Plattform zur Online-Streitbeilegung (OS) bereit, die du unter https:\/\/ec.europa.eu\/consumers\/odr findest. Zur Teilnahme an einem Streitbeilegungsverfahren vor einer Verbraucherschlichtungsstelle sind wir nicht verpflichtet und nicht bereit.[\/vc_column_text][vc_empty_space height=&#8221;60px&#8221;]<style>.ld_button_69e362dae4c79.btn-icon-solid .btn-icon{background:rgb(20, 139, 14);}.ld_button_69e362dae4c79.btn-icon-circle.btn-icon-ripple .btn-icon:before{border-color:rgb(20, 139, 14);}.ld_button_69e362dae4c79.btn-icon-solid:hover .btn-icon{background:rgb(49, 209, 20);}.ld_button_69e362dae4c79{background-color:rgb(20, 139, 14);border-color:rgb(20, 139, 14);color:rgb(255, 255, 255);}.ld_button_69e362dae4c79:hover{background-color:rgb(49, 209, 20);border-color:rgb(49, 209, 20);color:rgb(255, 255, 255);}.ld_button_69e362dae4c79 .btn-gradient-bg-hover{background:-webkit-linear-gradient(to right, rgb(49, 209, 20) 0%, rgb(49, 209, 20) 100%);background:linear-gradient(to right, rgb(49, 209, 20) 0%, rgb(49, 209, 20) 100%);}.ld_button_69e362dae4c79 .btn-gradient-border defs stop:first-child{stop-color:rgb(20, 139, 14);}.ld_button_69e362dae4c79 .btn-gradient-border defs stop:last-child{stop-color:rgb(20, 139, 14);}.ld_button_69e362dae4c79:hover .btn-gradient-border defs stop:first-child{stop-color:rgb(49, 209, 20);}.ld_button_69e362dae4c79:hover .btn-gradient-border defs stop:last-child{stop-color:rgb(49, 209, 20);}<\/style><a href=\"http:\/\/fabisdesign-kids.com\/\" title=\"Startseite\" class=\"btn btn-solid btn-bordered border-thin ld_button_69e362dae4c79\">\n\t<span>\n\t\t\n\t\t\t\t\t<span class=\"btn-txt\">Back to Home<\/span>\n\t\t\t\n\t\t\t\t<\/span>\n<\/a>\n[vc_empty_space height=&#8221;60px&#8221;][\/vc_column][\/vc_row]<\/p>\n<\/div>","protected":false},"excerpt":{"rendered":"<p>[vc_row][vc_column][vc_empty_space height=&#8221;60px&#8221;][vc_column_text] Impressum FABISDESIGN-Kids Heeggraben 14 35440 Linden Telefon: 0176 23950889 E-Mail: hallo@fabisdesign-kids.com Vertreten durch&#8230;<\/p>\n","protected":false},"author":2,"featured_media":0,"parent":0,"menu_order":0,"comment_status":"closed","ping_status":"closed","template":"","meta":{"footnotes":""},"_links":{"self":[{"href":"https:\/\/fabisdesign-kids.com\/de\/wp-json\/wp\/v2\/pages\/1176"}],"collection":[{"href":"https:\/\/fabisdesign-kids.com\/de\/wp-json\/wp\/v2\/pages"}],"about":[{"href":"https:\/\/fabisdesign-kids.com\/de\/wp-json\/wp\/v2\/types\/page"}],"author":[{"embeddable":true,"href":"https:\/\/fabisdesign-kids.com\/de\/wp-json\/wp\/v2\/users\/2"}],"replies":[{"embeddable":true,"href":"https:\/\/fabisdesign-kids.com\/de\/wp-json\/wp\/v2\/comments?post=1176"}],"version-history":[{"count":2,"href":"https:\/\/fabisdesign-kids.com\/de\/wp-json\/wp\/v2\/pages\/1176\/revisions"}],"predecessor-version":[{"id":1178,"href":"https:\/\/fabisdesign-kids.com\/de\/wp-json\/wp\/v2\/pages\/1176\/revisions\/1178"}],"wp:attachment":[{"href":"https:\/\/fabisdesign-kids.com\/de\/wp-json\/wp\/v2\/media?parent=1176"}],"curies":[{"name":"wp","href":"https:\/\/api.w.org\/{rel}","templated":true}]}}