{"id":1078,"date":"2020-11-12T10:32:06","date_gmt":"2020-11-12T09:32:06","guid":{"rendered":"https:\/\/fabisdesign-kids.com\/?page_id=1078"},"modified":"2024-05-08T16:46:04","modified_gmt":"2024-05-08T14:46:04","slug":"about","status":"publish","type":"page","link":"https:\/\/fabisdesign-kids.com\/de\/about\/","title":{"rendered":"About"},"content":{"rendered":"<div class=\"wpb-content-wrapper\"><p>[vc_row full_width=&#8221;stretch_row&#8221; full_height=&#8221;yes&#8221; content_placement=&#8221;middle&#8221; bg_position=&#8221;center bottom&#8221; css=&#8221;.vc_custom_1593687122028{background-image: url(https:\/\/fabisdesign-kids.com\/wp-content\/uploads\/2020\/07\/fabisdesign-background-sketch-autos-1.jpg?id=209) !important;background-position: center !important;background-repeat: no-repeat !important;background-size: cover !important;}&#8221;][vc_column width=&#8221;1\/3&#8243; offset=&#8221;vc_hidden-md vc_hidden-sm vc_hidden-xs&#8221; css=&#8221;.vc_custom_1591781531483{padding-left: 80px !important;}&#8221;][\/vc_column][vc_column width=&#8221;2\/3&#8243;][\/vc_column][\/vc_row][vc_row css=&#8221;.vc_custom_1593687361604{margin-top: -300px !important;margin-bottom: 100px !important;}&#8221;][vc_column css=&#8221;.vc_custom_1593687170918{padding-top: 40px !important;padding-right: 40px !important;padding-bottom: 40px !important;padding-left: 40px !important;background-color: #ffffff !important;}&#8221;][vc_column_text]Hallo,<\/p>\n<p>ich bin Fabi, von Beruf aus professioneller Autodesigner und Vater von drei Jungs. Mit 15 Jahren entdeckte ich meine Leidenschaft f\u00fcrs Zeichnen und f\u00fcr Autos und beschloss diese Leidenschaft zum Beruf zu machen. Ich habe kontinuierlich auf dieses Ziel hingearbeitet und konnte diesen Traum schlie\u00dflich in die Realit\u00e4t umsetzen.<span class=\"Apple-converted-space\">\u00a0<\/span><\/p>\n<p>Im Jahr 2002, nach erfolgreicher Aufnahmepr\u00fcfung, konnte ich dann mein Studium des \u201eTransportation Designs\u201c an der Fachhochschule Pforzheim beginnen. W\u00e4hrend dieser Zeit habe ich verschiedene Praktika absolviert und war<span class=\"Apple-converted-space\">\u00a0 <\/span>im Advanced Design Studio VOLKSWAGEN in Potsdam und bei SEAT in Spanien t\u00e4tig. Nach meinem Abschluss im Jahr 2008 begann ich, Autos f\u00fcr SUBARU in Deutschland zu entwerfen. Ich habe an Projekten wie dem SUBARU Outback, Forester, Impreza, WRX und vielen anderen Autos gearbeitet und diese Designs f\u00fcr den europ\u00e4ischen Markt weiterentwickelt. Viele Jahre bin ich zwischen Japan, Deutschland und den USA projektbezogen gependelt und konnte dabei auch pers\u00f6nlich viel erleben und von der Welt sehen. 2019 machte ich den n\u00e4chsten gro\u00dfen Schritt und begann f\u00fcr die chinesische Premiummarke WEY in China zu arbeiten. Meine Familie und ich beschlossen einige Jahre zusammen nach China zu gehen Im Januar 2020 bin ich zur\u00fcck nach Deutschland geflogen, um den Umzug gemeinsam mit meiner Familie vorzubereiten. Dann kam Corona und alles ganz anders\u2026.<span class=\"Apple-converted-space\">\u00a0<\/span><\/p>\n<p>Wir mussten den Umzug absagen und ich hatte sehr viel Zeit einem Herzensprojekt nachzukommen. Ich habe beschlossen eine Design- und Kreativschule f\u00fcr Kinder einzurichten. Mit meinen online und offline Kursen m\u00f6chte ich Kinder auf der ganzen Welt inspirieren, die Welt durchs Zeichnen zu entdecken und zu gestalten.<\/p>\n<p>Komm mit auf unsere Reise die Welt ein wenig kreativer zu machen und aus anderen Blickwinkeln zu betrachten.<\/p>\n<p>FABI[\/vc_column_text][vc_empty_space][vc_raw_html]JTNDaWZyYW1lJTIwc3JjJTNEJTIyaHR0cHMlM0ElMkYlMkZ3d3cueW91dHViZS5jb20lMkZlbWJlZCUyRjhrY2VKV0ZSWFJvJTNGZW1iZWRwYXJhbWV0ZXIlM0R2YWx1ZSUyMiUyMHdpZHRoJTNEJTIyNjQwJTIyJTIwaGVpZ2h0JTNEJTIyMzYwJTIyJTIwZnJhbWVib3JkZXIlM0QlMjIwJTIyJTIwYWxsb3dmdWxsc2NyZWVuJTNFJTNDJTJGaWZyYW1lJTNF[\/vc_raw_html][vc_btn title=&#8221;Jetzt ein kostenloses Erstgespr\u00e4ch anfragen!&#8221; style=&#8221;custom&#8221; custom_background=&#8221;#00bc7a&#8221; custom_text=&#8221;#ffffff&#8221; align=&#8221;center&#8221; link=&#8221;url:https%3A%2F%2Fcalendly.com%2Ffabisdesign-kids%2F30min|title:Gespr%C3%A4ch%20mit%20FABI&#8221;][vc_column_text css=&#8221;.vc_custom_1661420943550{padding-top: 20px !important;padding-bottom: 30px !important;}&#8221;]<\/p>\n<h4>Pr\u00e4miertes Produkt f\u00fcr Kinder<\/h4>\n<p>\u201cFABI\u2019s gro\u00dfe Abenteuer-Paket\u201d wurde als eine innovative und herausragende digitale Lernl\u00f6sung f\u00fcr Kinder von der\u00a0Gesellschaft f\u00fcr P\u00e4dagogik, Information und Medien e. V. (GPI) im Jahr 2022 ausgezeichnet und\u00a0erh\u00e4lt die\u00a0Comenius-EduMedia-Medaille und das Comenius-Siegel.[\/vc_column_text][vc_single_image image=&#8221;5136&#8243; img_size=&#8221;large&#8221; alignment=&#8221;center&#8221;][vc_btn title=&#8221;Mehr zum Award&#8221; style=&#8221;custom&#8221; custom_background=&#8221;#013341&#8243; custom_text=&#8221;#ffffff&#8221; align=&#8221;center&#8221; link=&#8221;url:https%3A%2F%2Ffabisdesign-kids.com%2Fde%2F2022%2F07%2F16%2Ffabis_kreativ_abenteuer_gewinnen_comenius_edumedia_medaille%2F|title:Award||&#8221;][vc_empty_space][\/vc_column][\/vc_row][vc_row css=&#8221;.vc_custom_1603273188115{background-color: #ffffff !important;}&#8221;][vc_column css=&#8221;.vc_custom_1603273112000{background-color: #ffffff !important;}&#8221;][vc_empty_space height=&#8221;50px&#8221;][vc_column_text]<\/p>\n<h1><\/h1>\n<h1 style=\"text-align: center;\"><span style=\"color: #4ab9c5;\">SERVICES<\/span><\/h1>\n<p>[\/vc_column_text][vc_empty_space height=&#8221;50px&#8221;][\/vc_column][\/vc_row][vc_row css=&#8221;.vc_custom_1603480828616{background-color: #ffffff !important;}&#8221;][vc_column width=&#8221;1\/3&#8243; css=&#8221;.vc_custom_1603480725191{background-color: #eff0e6 !important;border-radius: 10px !important;}&#8221;][vc_single_image image=&#8221;1081&#8243; img_size=&#8221;full&#8221;][vc_empty_space height=&#8221;10px&#8221;][vc_column_text]<\/p>\n<h2 style=\"text-align: center;\"><span style=\"color: #013341;\">Workshops<\/span><\/h2>\n<p>[\/vc_column_text][vc_empty_space height=&#8221;50px&#8221;][\/vc_column][vc_column width=&#8221;1\/3&#8243; css=&#8221;.vc_custom_1603480737847{background-color: #eff0e6 !important;border-radius: 10px !important;}&#8221;][vc_single_image image=&#8221;1080&#8243; img_size=&#8221;full&#8221;][vc_empty_space height=&#8221;10px&#8221;][vc_column_text]<\/p>\n<h2 style=\"text-align: center;\"><span style=\"color: #013341;\">Consultant<\/span><\/h2>\n<p>[\/vc_column_text][vc_empty_space height=&#8221;50px&#8221;][\/vc_column][vc_column width=&#8221;1\/3&#8243; css=&#8221;.vc_custom_1603480816418{background-color: #eff0e6 !important;border-radius: 10px !important;}&#8221;][vc_single_image image=&#8221;1082&#8243; img_size=&#8221;full&#8221;][vc_empty_space height=&#8221;10px&#8221;][vc_column_text]<\/p>\n<h2 style=\"text-align: center;\"><span style=\"color: #013341;\">Coaching<\/span><\/h2>\n<p>[\/vc_column_text][vc_empty_space height=&#8221;50px&#8221;][\/vc_column][\/vc_row][vc_row css=&#8221;.vc_custom_1603274150463{background-color: #ffffff !important;}&#8221;][vc_column][vc_empty_space height=&#8221;80px&#8221;][\/vc_column][\/vc_row]<\/p>\n<\/div>","protected":false},"excerpt":{"rendered":"<p>[vc_row full_width=&#8221;stretch_row&#8221; full_height=&#8221;yes&#8221; content_placement=&#8221;middle&#8221; bg_position=&#8221;center bottom&#8221; css=&#8221;.vc_custom_1593687122028{background-image: url(https:\/\/fabisdesign-kids.com\/wp-content\/uploads\/2020\/07\/fabisdesign-background-sketch-autos-1.jpg?id=209) !important;background-position: center !important;background-repeat: no-repeat !important;background-size: cover !important;}&#8221;][vc_column&#8230;<\/p>\n","protected":false},"author":2,"featured_media":0,"parent":0,"menu_order":0,"comment_status":"closed","ping_status":"closed","template":"","meta":{"footnotes":""},"_links":{"self":[{"href":"https:\/\/fabisdesign-kids.com\/de\/wp-json\/wp\/v2\/pages\/1078"}],"collection":[{"href":"https:\/\/fabisdesign-kids.com\/de\/wp-json\/wp\/v2\/pages"}],"about":[{"href":"https:\/\/fabisdesign-kids.com\/de\/wp-json\/wp\/v2\/types\/page"}],"author":[{"embeddable":true,"href":"https:\/\/fabisdesign-kids.com\/de\/wp-json\/wp\/v2\/users\/2"}],"replies":[{"embeddable":true,"href":"https:\/\/fabisdesign-kids.com\/de\/wp-json\/wp\/v2\/comments?post=1078"}],"version-history":[{"count":10,"href":"https:\/\/fabisdesign-kids.com\/de\/wp-json\/wp\/v2\/pages\/1078\/revisions"}],"predecessor-version":[{"id":1322,"href":"https:\/\/fabisdesign-kids.com\/de\/wp-json\/wp\/v2\/pages\/1078\/revisions\/1322"}],"wp:attachment":[{"href":"https:\/\/fabisdesign-kids.com\/de\/wp-json\/wp\/v2\/media?parent=1078"}],"curies":[{"name":"wp","href":"https:\/\/api.w.org\/{rel}","templated":true}]}}